{"id":7745,"date":"2023-01-12T13:10:15","date_gmt":"2023-01-12T12:10:15","guid":{"rendered":"https:\/\/www.calperetmitjans.com\/?post_type=product&#038;p=7745"},"modified":"2023-01-12T13:11:46","modified_gmt":"2023-01-12T12:11:46","slug":"sarmientos-de-vid-especial-calsots","status":"publish","type":"product","link":"https:\/\/www.calperetmitjans.com\/es\/tienda-calsots\/sarmientos-de-vid-especial-calsots","title":{"rendered":"Sarmientos de vid especial cal\u00e7ots"},"content":{"rendered":"<p><strong>PRODUCTO DE PROXIMIDAD<\/strong><\/p>\n<p>Sarmientos procedentes de diferentes variedades de cepas como Pinoit Noir, Macabeo, Xarel\u00b7lo y Parellada, de la comarca del Alt Pened\u00e8s (Barcelona) y Alt Camp (Tarragona).<\/p>\n<p>Esta zona destaca por la elaboraci\u00f3n del Cava y los vinos de denominaci\u00f3n de origen Pened\u00e8s.<\/p>\n<p>Esta caja de sarmientos, previamente ya secados, de encendido r\u00e1pido, le facilitar\u00e1 efectuar varias BBQ, cal\u00e7ots hasta 3-4 manojos y de 6 a 10 encendidas de chimeneas o estufas.<\/p>\n<p>&nbsp;<\/p>\n<p><strong>SARMIENTO DE VI\u00d1EDO DE USO ECOL\u00d3GICO<\/strong><\/p>\n<p>Cada oto\u00f1o, despu\u00e9s de la vendimia, la vi\u00f1a debe ser podada para preparar la siguiente cosecha de uva.<\/p>\n<p>El sarmiento son las ramas procedentes de esta poda que puede ser reutilizada y reciclada para el encendido de chimeneas o estufas y para el asado o cocci\u00f3n con llama o mediante brasas.<\/p>\n<p>Con la compra de este producto, ayudas a reciclar con un segundo uso, un producto que el vi\u00f1edo ha generado.<\/p>\n<p>&nbsp;<\/p>\n<p><strong>USO TRADICIONAL EN LA COCINA<\/strong><\/p>\n<p>Da sabor a paellas, carnes-verduras a la barbacoa, BBQ y guisos, gracias a los matices organol\u00e9pticos. Es una forma muy natural que da aportar aromas y sabores.<\/p>\n<p>&nbsp;<\/p>\n<p><strong>LA LLAMA DEL SARMIENTO<\/strong><\/p>\n<p>Es ideal para cal\u00e7ots, ya que su llama, color naranja, es de r\u00e1pida combusti\u00f3n, control\u00e1ndose la altura del fuego f\u00e1cilmente, para su uso en BBQ.<\/p>\n<p>Para controlar la llama, se aconseja repartir la cantidad en dos tandas, especialmente durante la elaboraci\u00f3n de cal\u00e7ots. Su encendido es r\u00e1pido y sencillo.<\/p>\n","protected":false},"excerpt":{"rendered":"<p>Caja de sarmientos, previamente secados, de encendido r\u00e1pido, le facilitar\u00e1 efectuar varias BBQ, cal\u00e7ots hasta 3-4 manojos y de 6 a 10 encendidas de chimeneas o estufas.<\/p>\n<p><u>Caracter\u00edsticas principales<\/u>:<\/p>\n<ul>\n<li>ESPECIAL CAL\u00c7OTS<\/li>\n<li>ENCENDIDO DE CHIMENEAS<\/li>\n<li>LLAMA INMEDIATA<\/li>\n<li>ESPECIAL BARBACOAS<\/li>\n<li>USO PARA PAELLAS<\/li>\n<li>BRASA R\u00c1PIDA<\/li>\n<\/ul>\n","protected":false},"featured_media":7742,"comment_status":"open","ping_status":"closed","template":"","meta":[],"product_brand":[],"product_cat":[11],"product_tag":[],"class_list":{"0":"post-7745","1":"product","2":"type-product","3":"status-publish","4":"has-post-thumbnail","6":"product_cat-salsas-y-complementos","7":"description-off","9":"first","10":"instock","11":"taxable","12":"shipping-taxable","13":"purchasable","14":"product-type-simple"},"yoast_head":"<!-- This site is optimized with the Yoast SEO plugin v27.0 - https:\/\/yoast.com\/product\/yoast-seo-wordpress\/ -->\n<title>Sarmientos de vid especial cal\u00e7ots - Cal Peret Mitjans<\/title>\n<meta name=\"robots\" content=\"index, follow, max-snippet:-1, max-image-preview:large, max-video-preview:-1\" \/>\n<link rel=\"canonical\" href=\"https:\/\/www.calperetmitjans.com\/es\/tienda-calsots\/sarmientos-de-vid-especial-calsots\" \/>\n<meta property=\"og:locale\" content=\"es_ES\" \/>\n<meta property=\"og:type\" content=\"article\" \/>\n<meta property=\"og:title\" content=\"Sarmientos de vid especial cal\u00e7ots - Cal Peret Mitjans\" \/>\n<meta property=\"og:description\" content=\"Caja de sarmientos, previamente secados, de encendido r\u00e1pido, le facilitar\u00e1 efectuar varias BBQ, cal\u00e7ots hasta 3-4 manojos y de 6 a 10 encendidas de chimeneas o estufas.  Caracter\u00edsticas principales:   ESPECIAL CAL\u00c7OTS  ENCENDIDO DE CHIMENEAS  LLAMA INMEDIATA  ESPECIAL BARBACOAS  USO PARA PAELLAS  BRASA R\u00c1PIDA\" \/>\n<meta property=\"og:url\" content=\"https:\/\/www.calperetmitjans.com\/es\/tienda-calsots\/sarmientos-de-vid-especial-calsots\" \/>\n<meta property=\"og:site_name\" content=\"Cal Peret Mitjans\" \/>\n<meta property=\"article:modified_time\" content=\"2023-01-12T12:11:46+00:00\" \/>\n<meta property=\"og:image\" content=\"https:\/\/www.calperetmitjans.com\/wp-content\/uploads\/sarments-vinya-calsots-01.jpg\" \/>\n\t<meta property=\"og:image:width\" content=\"1000\" \/>\n\t<meta property=\"og:image:height\" content=\"1000\" \/>\n\t<meta property=\"og:image:type\" content=\"image\/jpeg\" \/>\n<meta name=\"twitter:card\" content=\"summary_large_image\" \/>\n<meta name=\"twitter:label1\" content=\"Tiempo de lectura\" \/>\n\t<meta name=\"twitter:data1\" content=\"2 minutos\" \/>\n<script type=\"application\/ld+json\" class=\"yoast-schema-graph\">{\"@context\":\"https:\/\/schema.org\",\"@graph\":[{\"@type\":\"WebPage\",\"@id\":\"https:\/\/www.calperetmitjans.com\/es\/tienda-calsots\/sarmientos-de-vid-especial-calsots\",\"url\":\"https:\/\/www.calperetmitjans.com\/es\/tienda-calsots\/sarmientos-de-vid-especial-calsots\",\"name\":\"Sarmientos de vid especial cal\u00e7ots - Cal Peret Mitjans\",\"isPartOf\":{\"@id\":\"https:\/\/www.calperetmitjans.com\/es#website\"},\"primaryImageOfPage\":{\"@id\":\"https:\/\/www.calperetmitjans.com\/es\/tienda-calsots\/sarmientos-de-vid-especial-calsots#primaryimage\"},\"image\":{\"@id\":\"https:\/\/www.calperetmitjans.com\/es\/tienda-calsots\/sarmientos-de-vid-especial-calsots#primaryimage\"},\"thumbnailUrl\":\"https:\/\/www.calperetmitjans.com\/wp-content\/uploads\/sarments-vinya-calsots-01.jpg\",\"datePublished\":\"2023-01-12T12:10:15+00:00\",\"dateModified\":\"2023-01-12T12:11:46+00:00\",\"breadcrumb\":{\"@id\":\"https:\/\/www.calperetmitjans.com\/es\/tienda-calsots\/sarmientos-de-vid-especial-calsots#breadcrumb\"},\"inLanguage\":\"es\",\"potentialAction\":[{\"@type\":\"ReadAction\",\"target\":[\"https:\/\/www.calperetmitjans.com\/es\/tienda-calsots\/sarmientos-de-vid-especial-calsots\"]}]},{\"@type\":\"ImageObject\",\"inLanguage\":\"es\",\"@id\":\"https:\/\/www.calperetmitjans.com\/es\/tienda-calsots\/sarmientos-de-vid-especial-calsots#primaryimage\",\"url\":\"https:\/\/www.calperetmitjans.com\/wp-content\/uploads\/sarments-vinya-calsots-01.jpg\",\"contentUrl\":\"https:\/\/www.calperetmitjans.com\/wp-content\/uploads\/sarments-vinya-calsots-01.jpg\",\"width\":1000,\"height\":1000},{\"@type\":\"BreadcrumbList\",\"@id\":\"https:\/\/www.calperetmitjans.com\/es\/tienda-calsots\/sarmientos-de-vid-especial-calsots#breadcrumb\",\"itemListElement\":[{\"@type\":\"ListItem\",\"position\":1,\"name\":\"Portada\",\"item\":\"https:\/\/www.calperetmitjans.com\/es\"},{\"@type\":\"ListItem\",\"position\":2,\"name\":\"Tienda de cal\u00e7ots\",\"item\":\"https:\/\/www.calperetmitjans.com\/es\/tienda-calsots\"},{\"@type\":\"ListItem\",\"position\":3,\"name\":\"Sarmientos de vid especial cal\u00e7ots\"}]},{\"@type\":\"WebSite\",\"@id\":\"https:\/\/www.calperetmitjans.com\/es#website\",\"url\":\"https:\/\/www.calperetmitjans.com\/es\",\"name\":\"Cal Peret Mitjans\",\"description\":\"Venda online de cal\u00e7ots i complements per cal\u00e7otades\",\"potentialAction\":[{\"@type\":\"SearchAction\",\"target\":{\"@type\":\"EntryPoint\",\"urlTemplate\":\"https:\/\/www.calperetmitjans.com\/es?s={search_term_string}\"},\"query-input\":{\"@type\":\"PropertyValueSpecification\",\"valueRequired\":true,\"valueName\":\"search_term_string\"}}],\"inLanguage\":\"es\"}]}<\/script>\n<!-- \/ Yoast SEO plugin. -->","yoast_head_json":{"title":"Sarmientos de vid especial cal\u00e7ots - Cal Peret Mitjans","robots":{"index":"index","follow":"follow","max-snippet":"max-snippet:-1","max-image-preview":"max-image-preview:large","max-video-preview":"max-video-preview:-1"},"canonical":"https:\/\/www.calperetmitjans.com\/es\/tienda-calsots\/sarmientos-de-vid-especial-calsots","og_locale":"es_ES","og_type":"article","og_title":"Sarmientos de vid especial cal\u00e7ots - Cal Peret Mitjans","og_description":"Caja de sarmientos, previamente secados, de encendido r\u00e1pido, le facilitar\u00e1 efectuar varias BBQ, cal\u00e7ots hasta 3-4 manojos y de 6 a 10 encendidas de chimeneas o estufas.  Caracter\u00edsticas principales:   ESPECIAL CAL\u00c7OTS  ENCENDIDO DE CHIMENEAS  LLAMA INMEDIATA  ESPECIAL BARBACOAS  USO PARA PAELLAS  BRASA R\u00c1PIDA","og_url":"https:\/\/www.calperetmitjans.com\/es\/tienda-calsots\/sarmientos-de-vid-especial-calsots","og_site_name":"Cal Peret Mitjans","article_modified_time":"2023-01-12T12:11:46+00:00","og_image":[{"width":1000,"height":1000,"url":"https:\/\/www.calperetmitjans.com\/wp-content\/uploads\/sarments-vinya-calsots-01.jpg","type":"image\/jpeg"}],"twitter_card":"summary_large_image","twitter_misc":{"Tiempo de lectura":"2 minutos"},"schema":{"@context":"https:\/\/schema.org","@graph":[{"@type":"WebPage","@id":"https:\/\/www.calperetmitjans.com\/es\/tienda-calsots\/sarmientos-de-vid-especial-calsots","url":"https:\/\/www.calperetmitjans.com\/es\/tienda-calsots\/sarmientos-de-vid-especial-calsots","name":"Sarmientos de vid especial cal\u00e7ots - Cal Peret Mitjans","isPartOf":{"@id":"https:\/\/www.calperetmitjans.com\/es#website"},"primaryImageOfPage":{"@id":"https:\/\/www.calperetmitjans.com\/es\/tienda-calsots\/sarmientos-de-vid-especial-calsots#primaryimage"},"image":{"@id":"https:\/\/www.calperetmitjans.com\/es\/tienda-calsots\/sarmientos-de-vid-especial-calsots#primaryimage"},"thumbnailUrl":"https:\/\/www.calperetmitjans.com\/wp-content\/uploads\/sarments-vinya-calsots-01.jpg","datePublished":"2023-01-12T12:10:15+00:00","dateModified":"2023-01-12T12:11:46+00:00","breadcrumb":{"@id":"https:\/\/www.calperetmitjans.com\/es\/tienda-calsots\/sarmientos-de-vid-especial-calsots#breadcrumb"},"inLanguage":"es","potentialAction":[{"@type":"ReadAction","target":["https:\/\/www.calperetmitjans.com\/es\/tienda-calsots\/sarmientos-de-vid-especial-calsots"]}]},{"@type":"ImageObject","inLanguage":"es","@id":"https:\/\/www.calperetmitjans.com\/es\/tienda-calsots\/sarmientos-de-vid-especial-calsots#primaryimage","url":"https:\/\/www.calperetmitjans.com\/wp-content\/uploads\/sarments-vinya-calsots-01.jpg","contentUrl":"https:\/\/www.calperetmitjans.com\/wp-content\/uploads\/sarments-vinya-calsots-01.jpg","width":1000,"height":1000},{"@type":"BreadcrumbList","@id":"https:\/\/www.calperetmitjans.com\/es\/tienda-calsots\/sarmientos-de-vid-especial-calsots#breadcrumb","itemListElement":[{"@type":"ListItem","position":1,"name":"Portada","item":"https:\/\/www.calperetmitjans.com\/es"},{"@type":"ListItem","position":2,"name":"Tienda de cal\u00e7ots","item":"https:\/\/www.calperetmitjans.com\/es\/tienda-calsots"},{"@type":"ListItem","position":3,"name":"Sarmientos de vid especial cal\u00e7ots"}]},{"@type":"WebSite","@id":"https:\/\/www.calperetmitjans.com\/es#website","url":"https:\/\/www.calperetmitjans.com\/es","name":"Cal Peret Mitjans","description":"Venda online de cal\u00e7ots i complements per cal\u00e7otades","potentialAction":[{"@type":"SearchAction","target":{"@type":"EntryPoint","urlTemplate":"https:\/\/www.calperetmitjans.com\/es?s={search_term_string}"},"query-input":{"@type":"PropertyValueSpecification","valueRequired":true,"valueName":"search_term_string"}}],"inLanguage":"es"}]}},"_links":{"self":[{"href":"https:\/\/www.calperetmitjans.com\/es\/wp-json\/wp\/v2\/product\/7745","targetHints":{"allow":["GET"]}}],"collection":[{"href":"https:\/\/www.calperetmitjans.com\/es\/wp-json\/wp\/v2\/product"}],"about":[{"href":"https:\/\/www.calperetmitjans.com\/es\/wp-json\/wp\/v2\/types\/product"}],"replies":[{"embeddable":true,"href":"https:\/\/www.calperetmitjans.com\/es\/wp-json\/wp\/v2\/comments?post=7745"}],"wp:featuredmedia":[{"embeddable":true,"href":"https:\/\/www.calperetmitjans.com\/es\/wp-json\/wp\/v2\/media\/7742"}],"wp:attachment":[{"href":"https:\/\/www.calperetmitjans.com\/es\/wp-json\/wp\/v2\/media?parent=7745"}],"wp:term":[{"taxonomy":"product_brand","embeddable":true,"href":"https:\/\/www.calperetmitjans.com\/es\/wp-json\/wp\/v2\/product_brand?post=7745"},{"taxonomy":"product_cat","embeddable":true,"href":"https:\/\/www.calperetmitjans.com\/es\/wp-json\/wp\/v2\/product_cat?post=7745"},{"taxonomy":"product_tag","embeddable":true,"href":"https:\/\/www.calperetmitjans.com\/es\/wp-json\/wp\/v2\/product_tag?post=7745"}],"curies":[{"name":"wp","href":"https:\/\/api.w.org\/{rel}","templated":true}]}}