{"id":230,"date":"2015-11-30T13:59:04","date_gmt":"2015-11-30T13:59:04","guid":{"rendered":"http:\/\/www.calperetmitjans.com\/botiga-calsots\/pack-calsotada-12-persones-2\/"},"modified":"2021-02-26T11:39:57","modified_gmt":"2021-02-26T10:39:57","slug":"pack-calsotada-12-personas","status":"publish","type":"product","link":"https:\/\/www.calperetmitjans.com\/es\/tienda-calsots\/pack-calsotada-12-personas","title":{"rendered":"Pack cal\u00e7otada (12 personas)"},"content":{"rendered":"<p>Este pack es perfecto para disfrutar de una cal\u00e7otada con toda la familia o los amigos. Se ha calculado para 12 personas y cada una comer\u00e1 entre 10-15 cal\u00e7ots. De la salsa calculamos que cada comensal necesita unos 125gr as\u00ed que a\u00f1adimos un bote de 1,5kg. Si os encanta el Romesco siempre pod\u00e9is comprar otro bote de 500g (aparte del pack) \u00a1mejor que sobre que no que falte! Y la salsa combina a la perfecci\u00f3n con ensaladas, carne, pescado&#8230;<\/p>\n","protected":false},"excerpt":{"rendered":"<p>Pack cal\u00e7otada para 12\u00a0personas.<\/p>\n<p>Incluye:<\/p>\n<ul>\n<li>200 cal\u00e7ots<\/li>\n<li>1\u00a0bote de salsa romesco de 1,5kg<\/li>\n<li>12\u00a0baberos<\/li>\n<\/ul>\n","protected":false},"featured_media":1766,"comment_status":"open","ping_status":"closed","template":"","meta":[],"product_brand":[],"product_cat":[10],"product_tag":[],"class_list":{"0":"post-230","1":"product","2":"type-product","3":"status-publish","4":"has-post-thumbnail","6":"product_cat-packs-calcotada","7":"description-off","9":"first","10":"instock","11":"taxable","12":"shipping-taxable","13":"purchasable","14":"product-type-simple"},"yoast_head":"<!-- This site is optimized with the Yoast SEO plugin v27.0 - https:\/\/yoast.com\/product\/yoast-seo-wordpress\/ -->\n<title>Pack cal\u00e7otada para 12 personas | Cal Peret Mitjans<\/title>\n<meta name=\"description\" content=\"Pack cal\u00e7otada para 12 personas. Incluye cal\u00e7ots, salsa romesco y baberos. Goza de una cal\u00e7otada con toda la familia o los amigos.\" \/>\n<meta name=\"robots\" content=\"index, follow, max-snippet:-1, max-image-preview:large, max-video-preview:-1\" \/>\n<link rel=\"canonical\" href=\"https:\/\/www.calperetmitjans.com\/es\/tienda-calsots\/pack-calsotada-12-personas\" \/>\n<meta property=\"og:locale\" content=\"es_ES\" \/>\n<meta property=\"og:type\" content=\"article\" \/>\n<meta property=\"og:title\" content=\"Pack cal\u00e7otada para 12 personas | Cal Peret Mitjans\" \/>\n<meta property=\"og:description\" content=\"Pack cal\u00e7otada para 12 personas. Incluye cal\u00e7ots, salsa romesco y baberos. Goza de una cal\u00e7otada con toda la familia o los amigos.\" \/>\n<meta property=\"og:url\" content=\"https:\/\/www.calperetmitjans.com\/es\/tienda-calsots\/pack-calsotada-12-personas\" \/>\n<meta property=\"og:site_name\" content=\"Cal Peret Mitjans\" \/>\n<meta property=\"article:modified_time\" content=\"2021-02-26T10:39:57+00:00\" \/>\n<meta property=\"og:image\" content=\"https:\/\/www.calperetmitjans.com\/wp-content\/uploads\/2015\/11\/pack-12.jpg\" \/>\n\t<meta property=\"og:image:width\" content=\"800\" \/>\n\t<meta property=\"og:image:height\" content=\"800\" \/>\n\t<meta property=\"og:image:type\" content=\"image\/jpeg\" \/>\n<meta name=\"twitter:card\" content=\"summary_large_image\" \/>\n<script type=\"application\/ld+json\" class=\"yoast-schema-graph\">{\"@context\":\"https:\/\/schema.org\",\"@graph\":[{\"@type\":\"WebPage\",\"@id\":\"https:\/\/www.calperetmitjans.com\/es\/tienda-calsots\/pack-calsotada-12-personas\",\"url\":\"https:\/\/www.calperetmitjans.com\/es\/tienda-calsots\/pack-calsotada-12-personas\",\"name\":\"Pack cal\u00e7otada para 12 personas | Cal Peret Mitjans\",\"isPartOf\":{\"@id\":\"https:\/\/www.calperetmitjans.com\/es#website\"},\"primaryImageOfPage\":{\"@id\":\"https:\/\/www.calperetmitjans.com\/es\/tienda-calsots\/pack-calsotada-12-personas#primaryimage\"},\"image\":{\"@id\":\"https:\/\/www.calperetmitjans.com\/es\/tienda-calsots\/pack-calsotada-12-personas#primaryimage\"},\"thumbnailUrl\":\"https:\/\/www.calperetmitjans.com\/wp-content\/uploads\/2015\/11\/pack-12.jpg\",\"datePublished\":\"2015-11-30T13:59:04+00:00\",\"dateModified\":\"2021-02-26T10:39:57+00:00\",\"description\":\"Pack cal\u00e7otada para 12 personas. Incluye cal\u00e7ots, salsa romesco y baberos. Goza de una cal\u00e7otada con toda la familia o los amigos.\",\"breadcrumb\":{\"@id\":\"https:\/\/www.calperetmitjans.com\/es\/tienda-calsots\/pack-calsotada-12-personas#breadcrumb\"},\"inLanguage\":\"es\",\"potentialAction\":[{\"@type\":\"ReadAction\",\"target\":[\"https:\/\/www.calperetmitjans.com\/es\/tienda-calsots\/pack-calsotada-12-personas\"]}]},{\"@type\":\"ImageObject\",\"inLanguage\":\"es\",\"@id\":\"https:\/\/www.calperetmitjans.com\/es\/tienda-calsots\/pack-calsotada-12-personas#primaryimage\",\"url\":\"https:\/\/www.calperetmitjans.com\/wp-content\/uploads\/2015\/11\/pack-12.jpg\",\"contentUrl\":\"https:\/\/www.calperetmitjans.com\/wp-content\/uploads\/2015\/11\/pack-12.jpg\",\"width\":800,\"height\":800,\"caption\":\"Salsa alioli\"},{\"@type\":\"BreadcrumbList\",\"@id\":\"https:\/\/www.calperetmitjans.com\/es\/tienda-calsots\/pack-calsotada-12-personas#breadcrumb\",\"itemListElement\":[{\"@type\":\"ListItem\",\"position\":1,\"name\":\"Portada\",\"item\":\"https:\/\/www.calperetmitjans.com\/es\"},{\"@type\":\"ListItem\",\"position\":2,\"name\":\"Tienda de cal\u00e7ots\",\"item\":\"https:\/\/www.calperetmitjans.com\/es\/tienda-calsots\"},{\"@type\":\"ListItem\",\"position\":3,\"name\":\"Pack cal\u00e7otada (12 personas)\"}]},{\"@type\":\"WebSite\",\"@id\":\"https:\/\/www.calperetmitjans.com\/es#website\",\"url\":\"https:\/\/www.calperetmitjans.com\/es\",\"name\":\"Cal Peret Mitjans\",\"description\":\"Venda online de cal\u00e7ots i complements per cal\u00e7otades\",\"potentialAction\":[{\"@type\":\"SearchAction\",\"target\":{\"@type\":\"EntryPoint\",\"urlTemplate\":\"https:\/\/www.calperetmitjans.com\/es?s={search_term_string}\"},\"query-input\":{\"@type\":\"PropertyValueSpecification\",\"valueRequired\":true,\"valueName\":\"search_term_string\"}}],\"inLanguage\":\"es\"}]}<\/script>\n<!-- \/ Yoast SEO plugin. -->","yoast_head_json":{"title":"Pack cal\u00e7otada para 12 personas | Cal Peret Mitjans","description":"Pack cal\u00e7otada para 12 personas. Incluye cal\u00e7ots, salsa romesco y baberos. Goza de una cal\u00e7otada con toda la familia o los amigos.","robots":{"index":"index","follow":"follow","max-snippet":"max-snippet:-1","max-image-preview":"max-image-preview:large","max-video-preview":"max-video-preview:-1"},"canonical":"https:\/\/www.calperetmitjans.com\/es\/tienda-calsots\/pack-calsotada-12-personas","og_locale":"es_ES","og_type":"article","og_title":"Pack cal\u00e7otada para 12 personas | Cal Peret Mitjans","og_description":"Pack cal\u00e7otada para 12 personas. Incluye cal\u00e7ots, salsa romesco y baberos. Goza de una cal\u00e7otada con toda la familia o los amigos.","og_url":"https:\/\/www.calperetmitjans.com\/es\/tienda-calsots\/pack-calsotada-12-personas","og_site_name":"Cal Peret Mitjans","article_modified_time":"2021-02-26T10:39:57+00:00","og_image":[{"width":800,"height":800,"url":"https:\/\/www.calperetmitjans.com\/wp-content\/uploads\/2015\/11\/pack-12.jpg","type":"image\/jpeg"}],"twitter_card":"summary_large_image","schema":{"@context":"https:\/\/schema.org","@graph":[{"@type":"WebPage","@id":"https:\/\/www.calperetmitjans.com\/es\/tienda-calsots\/pack-calsotada-12-personas","url":"https:\/\/www.calperetmitjans.com\/es\/tienda-calsots\/pack-calsotada-12-personas","name":"Pack cal\u00e7otada para 12 personas | Cal Peret Mitjans","isPartOf":{"@id":"https:\/\/www.calperetmitjans.com\/es#website"},"primaryImageOfPage":{"@id":"https:\/\/www.calperetmitjans.com\/es\/tienda-calsots\/pack-calsotada-12-personas#primaryimage"},"image":{"@id":"https:\/\/www.calperetmitjans.com\/es\/tienda-calsots\/pack-calsotada-12-personas#primaryimage"},"thumbnailUrl":"https:\/\/www.calperetmitjans.com\/wp-content\/uploads\/2015\/11\/pack-12.jpg","datePublished":"2015-11-30T13:59:04+00:00","dateModified":"2021-02-26T10:39:57+00:00","description":"Pack cal\u00e7otada para 12 personas. Incluye cal\u00e7ots, salsa romesco y baberos. Goza de una cal\u00e7otada con toda la familia o los amigos.","breadcrumb":{"@id":"https:\/\/www.calperetmitjans.com\/es\/tienda-calsots\/pack-calsotada-12-personas#breadcrumb"},"inLanguage":"es","potentialAction":[{"@type":"ReadAction","target":["https:\/\/www.calperetmitjans.com\/es\/tienda-calsots\/pack-calsotada-12-personas"]}]},{"@type":"ImageObject","inLanguage":"es","@id":"https:\/\/www.calperetmitjans.com\/es\/tienda-calsots\/pack-calsotada-12-personas#primaryimage","url":"https:\/\/www.calperetmitjans.com\/wp-content\/uploads\/2015\/11\/pack-12.jpg","contentUrl":"https:\/\/www.calperetmitjans.com\/wp-content\/uploads\/2015\/11\/pack-12.jpg","width":800,"height":800,"caption":"Salsa alioli"},{"@type":"BreadcrumbList","@id":"https:\/\/www.calperetmitjans.com\/es\/tienda-calsots\/pack-calsotada-12-personas#breadcrumb","itemListElement":[{"@type":"ListItem","position":1,"name":"Portada","item":"https:\/\/www.calperetmitjans.com\/es"},{"@type":"ListItem","position":2,"name":"Tienda de cal\u00e7ots","item":"https:\/\/www.calperetmitjans.com\/es\/tienda-calsots"},{"@type":"ListItem","position":3,"name":"Pack cal\u00e7otada (12 personas)"}]},{"@type":"WebSite","@id":"https:\/\/www.calperetmitjans.com\/es#website","url":"https:\/\/www.calperetmitjans.com\/es","name":"Cal Peret Mitjans","description":"Venda online de cal\u00e7ots i complements per cal\u00e7otades","potentialAction":[{"@type":"SearchAction","target":{"@type":"EntryPoint","urlTemplate":"https:\/\/www.calperetmitjans.com\/es?s={search_term_string}"},"query-input":{"@type":"PropertyValueSpecification","valueRequired":true,"valueName":"search_term_string"}}],"inLanguage":"es"}]}},"_links":{"self":[{"href":"https:\/\/www.calperetmitjans.com\/es\/wp-json\/wp\/v2\/product\/230","targetHints":{"allow":["GET"]}}],"collection":[{"href":"https:\/\/www.calperetmitjans.com\/es\/wp-json\/wp\/v2\/product"}],"about":[{"href":"https:\/\/www.calperetmitjans.com\/es\/wp-json\/wp\/v2\/types\/product"}],"replies":[{"embeddable":true,"href":"https:\/\/www.calperetmitjans.com\/es\/wp-json\/wp\/v2\/comments?post=230"}],"wp:featuredmedia":[{"embeddable":true,"href":"https:\/\/www.calperetmitjans.com\/es\/wp-json\/wp\/v2\/media\/1766"}],"wp:attachment":[{"href":"https:\/\/www.calperetmitjans.com\/es\/wp-json\/wp\/v2\/media?parent=230"}],"wp:term":[{"taxonomy":"product_brand","embeddable":true,"href":"https:\/\/www.calperetmitjans.com\/es\/wp-json\/wp\/v2\/product_brand?post=230"},{"taxonomy":"product_cat","embeddable":true,"href":"https:\/\/www.calperetmitjans.com\/es\/wp-json\/wp\/v2\/product_cat?post=230"},{"taxonomy":"product_tag","embeddable":true,"href":"https:\/\/www.calperetmitjans.com\/es\/wp-json\/wp\/v2\/product_tag?post=230"}],"curies":[{"name":"wp","href":"https:\/\/api.w.org\/{rel}","templated":true}]}}