{"id":296,"date":"2015-11-30T14:11:43","date_gmt":"2015-11-30T14:11:43","guid":{"rendered":"http:\/\/www.calperetmitjans.com\/politica-de-privacitat-2\/"},"modified":"2016-01-11T13:04:14","modified_gmt":"2016-01-11T13:04:14","slug":"politica-de-privacidad","status":"publish","type":"page","link":"https:\/\/www.calperetmitjans.com\/es\/politica-de-privacidad","title":{"rendered":"Pol\u00edtica de privacidad"},"content":{"rendered":"<p style=\"text-align: justify;\">Los clientes y usuarios se comprometen a navegar por la p\u00e1gina web y a utilizar el contenido de buena fe.<\/p>\n<p style=\"text-align: justify;\">En cumplimiento de lo establecido en la Ley Org\u00e1nica 15\/1999, de Protecci\u00f3n de Datos de Car\u00e1cter Personal, le informamos de que la cumplimentaci\u00f3n de cualquier formulario existente en el Sitio Web www.calperetmitjans.com o la remisi\u00f3n de un correo electr\u00f3nico a cualquiera de las nuestros buzones implica la aceptaci\u00f3n de esta pol\u00edtica de privacidad, as\u00ed como la autorizaci\u00f3n a CAL PERET MITJANS (en adelante, LA EMPRESA) para que trate los datos personales que nos facilite, que ser\u00e1n incorporados al fichero, titularidad de LA EMPRESA , inscrito en el Registro General de la Agencia Espa\u00f1ola de Protecci\u00f3n de Datos.<\/p>\n<p style=\"text-align: justify;\">Los datos de los clientes ser\u00e1n utilizados para el env\u00edo a trav\u00e9s de correo electr\u00f3nico de las ventas que realice LA EMPRESA y para la entrega de los pedidos.<br \/>\nPor la simple visita a la web, los Usuarios no facilitan informaci\u00f3n personal ni est\u00e1n obligados a facilitarla.<br \/>\nLA EMPRESA se compromete a guardar la m\u00e1xima reserva y confidencialidad sobre la informaci\u00f3n que le sea facilitada y a utilizarla \u00fanicamente para los fines indicados.<br \/>\nLA EMPRESA presume que los datos han sido introducidos por su titular o por una persona autorizada por \u00e9l, as\u00ed como que son correctos y exactos.<\/p>\n<p style=\"text-align: justify;\">Corresponde a los Clientes la actualizaci\u00f3n de sus propios datos. En cualquier momento, el Cliente tendr\u00e1 el derecho de acceso, rectificaci\u00f3n, cancelaci\u00f3n y oposici\u00f3n a todos sus datos personales incluidos en los distintos formularios de alta. Para modificar o actualizar sus datos personales el Cliente deber\u00e1 acceder a www.calperetmitjans.com, en el apartado \u00ab<a href=\"\/es\/mi-cuenta\/\">Mi cuenta<\/a>\u00ab. Para cancelar tu cuenta escribe un correo desde el correo electr\u00f3nico registrado en\u00a0tu cuenta a\u00a0<a href=\"mailto:info@calperetmitjans.com\">info@calperetmitjans.com<\/a> con el asunto \u00abCancelar cuenta\u00bb.<\/p>\n<p style=\"text-align: justify;\">El Cliente es responsable de la veracidad de los datos y LA EMPRESA no ser\u00e1 responsable de la inexactitud de los datos personales de los clientes. De acuerdo con la legislaci\u00f3n vigente en materia de protecci\u00f3n de datos, LA EMPRESA ha adoptado los niveles de seguridad adecuados a los datos facilitados por los clientes y, adem\u00e1s, ha instalado todos los medios y medidas a su alcance para evitar la p\u00e9rdida, mal uso, alteraci\u00f3n, acceso no autorizado y extracci\u00f3n de los mismos.<\/p>\n","protected":false},"excerpt":{"rendered":"<p>Los clientes y usuarios se comprometen a navegar por la p\u00e1gina web y a utilizar el contenido de buena fe. En cumplimiento de lo establecido en la Ley Org\u00e1nica 15\/1999, de Protecci\u00f3n de Datos de Car\u00e1cter Personal, le informamos de que la cumplimentaci\u00f3n de cualquier formulario existente en el Sitio Web www.calperetmitjans.com o la remisi\u00f3n&hellip;<\/p>\n","protected":false},"author":1,"featured_media":0,"parent":0,"menu_order":0,"comment_status":"closed","ping_status":"closed","template":"","meta":{"footnotes":""},"class_list":["post-296","page","type-page","status-publish","hentry","description-off"],"yoast_head":"<!-- This site is optimized with the Yoast SEO plugin v27.0 - https:\/\/yoast.com\/product\/yoast-seo-wordpress\/ -->\n<title>Pol\u00edtica de privacidad - Cal Peret Mitjans<\/title>\n<meta name=\"robots\" content=\"index, follow, max-snippet:-1, max-image-preview:large, max-video-preview:-1\" \/>\n<link rel=\"canonical\" href=\"https:\/\/www.calperetmitjans.com\/es\/politica-de-privacidad\" \/>\n<meta property=\"og:locale\" content=\"es_ES\" \/>\n<meta property=\"og:type\" content=\"article\" \/>\n<meta property=\"og:title\" content=\"Pol\u00edtica de privacidad - Cal Peret Mitjans\" \/>\n<meta property=\"og:description\" content=\"Los clientes y usuarios se comprometen a navegar por la p\u00e1gina web y a utilizar el contenido de buena fe. En cumplimiento de lo establecido en la Ley Org\u00e1nica 15\/1999, de Protecci\u00f3n de Datos de Car\u00e1cter Personal, le informamos de que la cumplimentaci\u00f3n de cualquier formulario existente en el Sitio Web www.calperetmitjans.com o la remisi\u00f3n&hellip;\" \/>\n<meta property=\"og:url\" content=\"https:\/\/www.calperetmitjans.com\/es\/politica-de-privacidad\" \/>\n<meta property=\"og:site_name\" content=\"Cal Peret Mitjans\" \/>\n<meta property=\"article:modified_time\" content=\"2016-01-11T13:04:14+00:00\" \/>\n<meta name=\"twitter:card\" content=\"summary_large_image\" \/>\n<meta name=\"twitter:label1\" content=\"Tiempo de lectura\" \/>\n\t<meta name=\"twitter:data1\" content=\"2 minutos\" \/>\n<script type=\"application\/ld+json\" class=\"yoast-schema-graph\">{\"@context\":\"https:\/\/schema.org\",\"@graph\":[{\"@type\":\"WebPage\",\"@id\":\"https:\/\/www.calperetmitjans.com\/es\/politica-de-privacidad\",\"url\":\"https:\/\/www.calperetmitjans.com\/es\/politica-de-privacidad\",\"name\":\"Pol\u00edtica de privacidad - Cal Peret Mitjans\",\"isPartOf\":{\"@id\":\"https:\/\/www.calperetmitjans.com\/es#website\"},\"datePublished\":\"2015-11-30T14:11:43+00:00\",\"dateModified\":\"2016-01-11T13:04:14+00:00\",\"breadcrumb\":{\"@id\":\"https:\/\/www.calperetmitjans.com\/es\/politica-de-privacidad#breadcrumb\"},\"inLanguage\":\"es\",\"potentialAction\":[{\"@type\":\"ReadAction\",\"target\":[\"https:\/\/www.calperetmitjans.com\/es\/politica-de-privacidad\"]}]},{\"@type\":\"BreadcrumbList\",\"@id\":\"https:\/\/www.calperetmitjans.com\/es\/politica-de-privacidad#breadcrumb\",\"itemListElement\":[{\"@type\":\"ListItem\",\"position\":1,\"name\":\"Portada\",\"item\":\"https:\/\/www.calperetmitjans.com\/es\"},{\"@type\":\"ListItem\",\"position\":2,\"name\":\"Pol\u00edtica de privacidad\"}]},{\"@type\":\"WebSite\",\"@id\":\"https:\/\/www.calperetmitjans.com\/es#website\",\"url\":\"https:\/\/www.calperetmitjans.com\/es\",\"name\":\"Cal Peret Mitjans\",\"description\":\"Venda online de cal\u00e7ots i complements per cal\u00e7otades\",\"potentialAction\":[{\"@type\":\"SearchAction\",\"target\":{\"@type\":\"EntryPoint\",\"urlTemplate\":\"https:\/\/www.calperetmitjans.com\/es?s={search_term_string}\"},\"query-input\":{\"@type\":\"PropertyValueSpecification\",\"valueRequired\":true,\"valueName\":\"search_term_string\"}}],\"inLanguage\":\"es\"}]}<\/script>\n<!-- \/ Yoast SEO plugin. -->","yoast_head_json":{"title":"Pol\u00edtica de privacidad - Cal Peret Mitjans","robots":{"index":"index","follow":"follow","max-snippet":"max-snippet:-1","max-image-preview":"max-image-preview:large","max-video-preview":"max-video-preview:-1"},"canonical":"https:\/\/www.calperetmitjans.com\/es\/politica-de-privacidad","og_locale":"es_ES","og_type":"article","og_title":"Pol\u00edtica de privacidad - Cal Peret Mitjans","og_description":"Los clientes y usuarios se comprometen a navegar por la p\u00e1gina web y a utilizar el contenido de buena fe. En cumplimiento de lo establecido en la Ley Org\u00e1nica 15\/1999, de Protecci\u00f3n de Datos de Car\u00e1cter Personal, le informamos de que la cumplimentaci\u00f3n de cualquier formulario existente en el Sitio Web www.calperetmitjans.com o la remisi\u00f3n&hellip;","og_url":"https:\/\/www.calperetmitjans.com\/es\/politica-de-privacidad","og_site_name":"Cal Peret Mitjans","article_modified_time":"2016-01-11T13:04:14+00:00","twitter_card":"summary_large_image","twitter_misc":{"Tiempo de lectura":"2 minutos"},"schema":{"@context":"https:\/\/schema.org","@graph":[{"@type":"WebPage","@id":"https:\/\/www.calperetmitjans.com\/es\/politica-de-privacidad","url":"https:\/\/www.calperetmitjans.com\/es\/politica-de-privacidad","name":"Pol\u00edtica de privacidad - Cal Peret Mitjans","isPartOf":{"@id":"https:\/\/www.calperetmitjans.com\/es#website"},"datePublished":"2015-11-30T14:11:43+00:00","dateModified":"2016-01-11T13:04:14+00:00","breadcrumb":{"@id":"https:\/\/www.calperetmitjans.com\/es\/politica-de-privacidad#breadcrumb"},"inLanguage":"es","potentialAction":[{"@type":"ReadAction","target":["https:\/\/www.calperetmitjans.com\/es\/politica-de-privacidad"]}]},{"@type":"BreadcrumbList","@id":"https:\/\/www.calperetmitjans.com\/es\/politica-de-privacidad#breadcrumb","itemListElement":[{"@type":"ListItem","position":1,"name":"Portada","item":"https:\/\/www.calperetmitjans.com\/es"},{"@type":"ListItem","position":2,"name":"Pol\u00edtica de privacidad"}]},{"@type":"WebSite","@id":"https:\/\/www.calperetmitjans.com\/es#website","url":"https:\/\/www.calperetmitjans.com\/es","name":"Cal Peret Mitjans","description":"Venda online de cal\u00e7ots i complements per cal\u00e7otades","potentialAction":[{"@type":"SearchAction","target":{"@type":"EntryPoint","urlTemplate":"https:\/\/www.calperetmitjans.com\/es?s={search_term_string}"},"query-input":{"@type":"PropertyValueSpecification","valueRequired":true,"valueName":"search_term_string"}}],"inLanguage":"es"}]}},"_links":{"self":[{"href":"https:\/\/www.calperetmitjans.com\/es\/wp-json\/wp\/v2\/pages\/296","targetHints":{"allow":["GET"]}}],"collection":[{"href":"https:\/\/www.calperetmitjans.com\/es\/wp-json\/wp\/v2\/pages"}],"about":[{"href":"https:\/\/www.calperetmitjans.com\/es\/wp-json\/wp\/v2\/types\/page"}],"author":[{"embeddable":true,"href":"https:\/\/www.calperetmitjans.com\/es\/wp-json\/wp\/v2\/users\/1"}],"replies":[{"embeddable":true,"href":"https:\/\/www.calperetmitjans.com\/es\/wp-json\/wp\/v2\/comments?post=296"}],"version-history":[{"count":2,"href":"https:\/\/www.calperetmitjans.com\/es\/wp-json\/wp\/v2\/pages\/296\/revisions"}],"predecessor-version":[{"id":302,"href":"https:\/\/www.calperetmitjans.com\/es\/wp-json\/wp\/v2\/pages\/296\/revisions\/302"}],"wp:attachment":[{"href":"https:\/\/www.calperetmitjans.com\/es\/wp-json\/wp\/v2\/media?parent=296"}],"curies":[{"name":"wp","href":"https:\/\/api.w.org\/{rel}","templated":true}]}}