{"id":295,"date":"2015-11-30T14:11:06","date_gmt":"2015-11-30T13:11:06","guid":{"rendered":"http:\/\/www.calperetmitjans.com\/metodes-de-pagament-enviament-2\/"},"modified":"2026-01-23T18:35:03","modified_gmt":"2026-01-23T17:35:03","slug":"metodos-de-pago-y-envio","status":"publish","type":"page","link":"https:\/\/www.calperetmitjans.com\/es\/metodos-de-pago-y-envio","title":{"rendered":"M\u00e9todos de pago y env\u00edo"},"content":{"rendered":"<div class=\"wpb-content-wrapper\"><p>[vc_row][vc_column][vc_column_text css=\u00bb\u00bb]<\/p>\n<h3>M\u00e9todos de pago<\/h3>\n<p style=\"text-align: justify;\">En\u00a0www.calperetmitjans.com ponemos a tu disposici\u00f3n dos formas de pago:<\/p>\n<ul style=\"text-align: justify;\">\n<li><strong>Pago\u00a0con tarjeta bancaria:<\/strong> El cliente puede efectuar el pago mediante tarjeta de cr\u00e9dito, escogiendo este m\u00e9todo en el momento de confirmaci\u00f3n del pedido. Se aceptan todas las tarjetas Visa y Mastercard.<\/li>\n<\/ul>\n<ul>\n<li style=\"text-align: justify;\"><strong>PayPal:<\/strong> Pague sus pedidos de forma r\u00e1pida, sencilla y segura. Si dispone de cuenta PayPal puede utilizarlo para abonar el importe del pedido ya sea mediante Tarjeta de Cr\u00e9dito o el sistema de prepago. El pago se confirma de manera inmediata.<br \/>\nAl final del proceso de pago recibir\u00e1 un email de confirmaci\u00f3n, asimismo la empresa recibir\u00e1 un mail con el correspondiente pago y en este momento preparar\u00e1 el pedido para el env\u00edo.<br \/>\nEste sistema de pago incluye un peque\u00f1o recargo de 2 \u20ac. Podr\u00e1 consultarlo antes de finalizar el proceso de compra.<\/li>\n<\/ul>\n<h3><strong><span style=\"color: #ff6600;\">Env\u00edos Nacionales <\/span><\/strong>&#8211; <span style=\"color: #ff0000;\">\u00a1IMPORTANTE!<\/span><\/h3>\n<p>El env\u00edo de los pedidos se realiza mediante la empresa de transportes Courier Factory y Nacex en Espa\u00f1a (excluidas Canarias, Ceuta y Melilla).<\/p>\n<p><strong>Tel\u00e9fono incidencias env\u00edos Courier Factory:<\/strong> <a href=\"tel:936773121\">936773121<\/a><\/p>\n<h4><strong><span style=\"color: #5cb46b;\">Env\u00edo a domicilio 24-48h <em>(IVA no incluido)<\/em><\/span><\/strong><\/h4>\n<p><strong><span style=\"color: #ff0000;\">Los env\u00edos se realizan lunes, martes, mi\u00e9rcoles y jueves hasta las 15h<\/span><\/strong>. Todos los pedidos se entregan en un plazo no superior a 48 horas, excepto env\u00edos a Baleares, m\u00e1ximo 72h, siempre que se realicen de <strong>lunes a jueves (m\u00e1ximo a las 15h). El env\u00edo de los pedidos que se realicen jueves a partir de las 15h, viernes, s\u00e1bado o domingo no se enviar\u00e1n hasta el martes siguiente. <\/strong>Hay que indicar la fecha en que se quiere recibir el pedido durante el proceso de compra.<\/p>\n<p style=\"text-align: justify;\"><strong><span style=\"color: #ff0000;\">\u00a1IMPORTANTE!<\/span> &#8211; Para recibir los productos en fin de semana realiza tu pedido como m\u00e1ximo el jueves a las 15:00h<\/strong><\/p>\n<p>Los gastos de env\u00edo var\u00edan en funci\u00f3n de la Zona y el peso, se detalla a continuaci\u00f3n*:<br \/>\n**Los precios en esta p\u00e1gina pueden no estar actualizados consulte el importe del env\u00edo durante el proceso de compra y despu\u00e9s de introducir la direcci\u00f3n.<\/p>\n<p><strong>Provincia Barcelona<\/strong><\/p>\n<ul>\n<li>0-5kg: 3,78\u20ac<\/li>\n<li>5-10kg: 4,70\u20ac<\/li>\n<li>10-15kg: 6,6\u20ac<\/li>\n<li>15-20kg: 8,5\u20ac<\/li>\n<\/ul>\n<p>KG adicional: 0,38\u20ac<\/p>\n<p><strong>Catalu\u00f1a <em>(Tarragona, Girona y Lleida)<\/em><\/strong><\/p>\n<ul>\n<li>0-5kg: 3,78\u20ac<\/li>\n<li>5-10kg: 4,70\u20ac<\/li>\n<li>10-15kg: 6,85\u20ac<\/li>\n<li>15-20kg: 9\u20ac<\/li>\n<\/ul>\n<p>KG adicional: 0,43\u20ac<\/p>\n<p><b>Espa\u00f1a Peninsular\u00a0<\/b><em style=\"font-weight: bold;\">(Excepto Baleares, Canarias, Ceuta y Melilla)<\/em><\/p>\n<ul>\n<li>0-5kg: 5,59\u20ac<\/li>\n<li>5-10kg: 6,74\u20ac<\/li>\n<li>10-15kg: 8,99\u20ac<\/li>\n<li>15-20kg: 11,24\u20ac<\/li>\n<\/ul>\n<p>KG adicional: 0,45\u20ac<\/p>\n<p><strong>Baleares mar\u00edtimo<\/strong><\/p>\n<ul>\n<li>0-3 kg: 12,34\u20ac<\/li>\n<\/ul>\n<p>KG adicional: 1,43\u20ac<\/p>\n<h3><strong><span style=\"color: #ff6600;\">Envios Internacionales<\/span><\/strong><\/h3>\n<p>Se realizan env\u00edos internacionales a Andorra, Portugal y otros pa\u00edses de Europa bajo demanda. Env\u00edanos un correo a <a href=\"mailto:info@calperetmitjans.com\">info@calperetmitjans.com<\/a> o ll\u00e1manos al 659643907 te atenderemos encantados.[\/vc_column_text][\/vc_column][\/vc_row]<\/p>\n<\/div>","protected":false},"excerpt":{"rendered":"<p>[vc_row][vc_column][vc_column_text css=\u00bb\u00bb] M\u00e9todos de pago En\u00a0www.calperetmitjans.com ponemos a tu disposici\u00f3n dos formas de pago: Pago\u00a0con tarjeta bancaria: El cliente puede efectuar el pago mediante tarjeta de cr\u00e9dito, escogiendo este m\u00e9todo en el momento de confirmaci\u00f3n del pedido. Se aceptan todas las tarjetas Visa y Mastercard. PayPal: Pague sus pedidos de forma r\u00e1pida, sencilla y segura.&hellip;<\/p>\n","protected":false},"author":1,"featured_media":0,"parent":0,"menu_order":0,"comment_status":"closed","ping_status":"closed","template":"","meta":{"footnotes":""},"class_list":["post-295","page","type-page","status-publish","hentry","description-off"],"yoast_head":"<!-- This site is optimized with the Yoast SEO plugin v27.0 - https:\/\/yoast.com\/product\/yoast-seo-wordpress\/ -->\n<title>M\u00e9todos de pago y env\u00edo - Cal Peret Mitjans<\/title>\n<meta name=\"robots\" content=\"index, follow, max-snippet:-1, max-image-preview:large, max-video-preview:-1\" \/>\n<link rel=\"canonical\" href=\"https:\/\/www.calperetmitjans.com\/es\/metodos-de-pago-y-envio\" \/>\n<meta property=\"og:locale\" content=\"es_ES\" \/>\n<meta property=\"og:type\" content=\"article\" \/>\n<meta property=\"og:title\" content=\"M\u00e9todos de pago y env\u00edo - Cal Peret Mitjans\" \/>\n<meta property=\"og:description\" content=\"[vc_row][vc_column][vc_column_text css=\u00bb\u00bb] M\u00e9todos de pago En\u00a0www.calperetmitjans.com ponemos a tu disposici\u00f3n dos formas de pago: Pago\u00a0con tarjeta bancaria: El cliente puede efectuar el pago mediante tarjeta de cr\u00e9dito, escogiendo este m\u00e9todo en el momento de confirmaci\u00f3n del pedido. Se aceptan todas las tarjetas Visa y Mastercard. PayPal: Pague sus pedidos de forma r\u00e1pida, sencilla y segura.&hellip;\" \/>\n<meta property=\"og:url\" content=\"https:\/\/www.calperetmitjans.com\/es\/metodos-de-pago-y-envio\" \/>\n<meta property=\"og:site_name\" content=\"Cal Peret Mitjans\" \/>\n<meta property=\"article:modified_time\" content=\"2026-01-23T17:35:03+00:00\" \/>\n<meta name=\"twitter:card\" content=\"summary_large_image\" \/>\n<meta name=\"twitter:label1\" content=\"Tiempo de lectura\" \/>\n\t<meta name=\"twitter:data1\" content=\"2 minutos\" \/>\n<script type=\"application\/ld+json\" class=\"yoast-schema-graph\">{\"@context\":\"https:\/\/schema.org\",\"@graph\":[{\"@type\":\"WebPage\",\"@id\":\"https:\/\/www.calperetmitjans.com\/es\/metodos-de-pago-y-envio\",\"url\":\"https:\/\/www.calperetmitjans.com\/es\/metodos-de-pago-y-envio\",\"name\":\"M\u00e9todos de pago y env\u00edo - Cal Peret Mitjans\",\"isPartOf\":{\"@id\":\"https:\/\/www.calperetmitjans.com\/es#website\"},\"datePublished\":\"2015-11-30T13:11:06+00:00\",\"dateModified\":\"2026-01-23T17:35:03+00:00\",\"breadcrumb\":{\"@id\":\"https:\/\/www.calperetmitjans.com\/es\/metodos-de-pago-y-envio#breadcrumb\"},\"inLanguage\":\"es\",\"potentialAction\":[{\"@type\":\"ReadAction\",\"target\":[\"https:\/\/www.calperetmitjans.com\/es\/metodos-de-pago-y-envio\"]}]},{\"@type\":\"BreadcrumbList\",\"@id\":\"https:\/\/www.calperetmitjans.com\/es\/metodos-de-pago-y-envio#breadcrumb\",\"itemListElement\":[{\"@type\":\"ListItem\",\"position\":1,\"name\":\"Portada\",\"item\":\"https:\/\/www.calperetmitjans.com\/es\"},{\"@type\":\"ListItem\",\"position\":2,\"name\":\"M\u00e9todos de pago y env\u00edo\"}]},{\"@type\":\"WebSite\",\"@id\":\"https:\/\/www.calperetmitjans.com\/es#website\",\"url\":\"https:\/\/www.calperetmitjans.com\/es\",\"name\":\"Cal Peret Mitjans\",\"description\":\"Venda online de cal\u00e7ots i complements per cal\u00e7otades\",\"potentialAction\":[{\"@type\":\"SearchAction\",\"target\":{\"@type\":\"EntryPoint\",\"urlTemplate\":\"https:\/\/www.calperetmitjans.com\/es?s={search_term_string}\"},\"query-input\":{\"@type\":\"PropertyValueSpecification\",\"valueRequired\":true,\"valueName\":\"search_term_string\"}}],\"inLanguage\":\"es\"}]}<\/script>\n<!-- \/ Yoast SEO plugin. -->","yoast_head_json":{"title":"M\u00e9todos de pago y env\u00edo - Cal Peret Mitjans","robots":{"index":"index","follow":"follow","max-snippet":"max-snippet:-1","max-image-preview":"max-image-preview:large","max-video-preview":"max-video-preview:-1"},"canonical":"https:\/\/www.calperetmitjans.com\/es\/metodos-de-pago-y-envio","og_locale":"es_ES","og_type":"article","og_title":"M\u00e9todos de pago y env\u00edo - Cal Peret Mitjans","og_description":"[vc_row][vc_column][vc_column_text css=\u00bb\u00bb] M\u00e9todos de pago En\u00a0www.calperetmitjans.com ponemos a tu disposici\u00f3n dos formas de pago: Pago\u00a0con tarjeta bancaria: El cliente puede efectuar el pago mediante tarjeta de cr\u00e9dito, escogiendo este m\u00e9todo en el momento de confirmaci\u00f3n del pedido. Se aceptan todas las tarjetas Visa y Mastercard. PayPal: Pague sus pedidos de forma r\u00e1pida, sencilla y segura.&hellip;","og_url":"https:\/\/www.calperetmitjans.com\/es\/metodos-de-pago-y-envio","og_site_name":"Cal Peret Mitjans","article_modified_time":"2026-01-23T17:35:03+00:00","twitter_card":"summary_large_image","twitter_misc":{"Tiempo de lectura":"2 minutos"},"schema":{"@context":"https:\/\/schema.org","@graph":[{"@type":"WebPage","@id":"https:\/\/www.calperetmitjans.com\/es\/metodos-de-pago-y-envio","url":"https:\/\/www.calperetmitjans.com\/es\/metodos-de-pago-y-envio","name":"M\u00e9todos de pago y env\u00edo - Cal Peret Mitjans","isPartOf":{"@id":"https:\/\/www.calperetmitjans.com\/es#website"},"datePublished":"2015-11-30T13:11:06+00:00","dateModified":"2026-01-23T17:35:03+00:00","breadcrumb":{"@id":"https:\/\/www.calperetmitjans.com\/es\/metodos-de-pago-y-envio#breadcrumb"},"inLanguage":"es","potentialAction":[{"@type":"ReadAction","target":["https:\/\/www.calperetmitjans.com\/es\/metodos-de-pago-y-envio"]}]},{"@type":"BreadcrumbList","@id":"https:\/\/www.calperetmitjans.com\/es\/metodos-de-pago-y-envio#breadcrumb","itemListElement":[{"@type":"ListItem","position":1,"name":"Portada","item":"https:\/\/www.calperetmitjans.com\/es"},{"@type":"ListItem","position":2,"name":"M\u00e9todos de pago y env\u00edo"}]},{"@type":"WebSite","@id":"https:\/\/www.calperetmitjans.com\/es#website","url":"https:\/\/www.calperetmitjans.com\/es","name":"Cal Peret Mitjans","description":"Venda online de cal\u00e7ots i complements per cal\u00e7otades","potentialAction":[{"@type":"SearchAction","target":{"@type":"EntryPoint","urlTemplate":"https:\/\/www.calperetmitjans.com\/es?s={search_term_string}"},"query-input":{"@type":"PropertyValueSpecification","valueRequired":true,"valueName":"search_term_string"}}],"inLanguage":"es"}]}},"_links":{"self":[{"href":"https:\/\/www.calperetmitjans.com\/es\/wp-json\/wp\/v2\/pages\/295","targetHints":{"allow":["GET"]}}],"collection":[{"href":"https:\/\/www.calperetmitjans.com\/es\/wp-json\/wp\/v2\/pages"}],"about":[{"href":"https:\/\/www.calperetmitjans.com\/es\/wp-json\/wp\/v2\/types\/page"}],"author":[{"embeddable":true,"href":"https:\/\/www.calperetmitjans.com\/es\/wp-json\/wp\/v2\/users\/1"}],"replies":[{"embeddable":true,"href":"https:\/\/www.calperetmitjans.com\/es\/wp-json\/wp\/v2\/comments?post=295"}],"version-history":[{"count":29,"href":"https:\/\/www.calperetmitjans.com\/es\/wp-json\/wp\/v2\/pages\/295\/revisions"}],"predecessor-version":[{"id":11388,"href":"https:\/\/www.calperetmitjans.com\/es\/wp-json\/wp\/v2\/pages\/295\/revisions\/11388"}],"wp:attachment":[{"href":"https:\/\/www.calperetmitjans.com\/es\/wp-json\/wp\/v2\/media?parent=295"}],"curies":[{"name":"wp","href":"https:\/\/api.w.org\/{rel}","templated":true}]}}