{"id":262,"date":"2015-11-30T14:10:44","date_gmt":"2015-11-30T14:10:44","guid":{"rendered":"http:\/\/www.calperetmitjans.com\/termes-i-condicions-de-venda-2\/"},"modified":"2021-03-31T10:45:18","modified_gmt":"2021-03-31T08:45:18","slug":"terminos-y-condiciones-de-venta","status":"publish","type":"page","link":"https:\/\/www.calperetmitjans.com\/es\/terminos-y-condiciones-de-venta","title":{"rendered":"T\u00e9rminos y condiciones de venta"},"content":{"rendered":"<h3 style=\"text-align: justify;\">General<\/h3>\n<p style=\"text-align: justify;\">Las presentes Condiciones Generales de Uso, Condiciones de Venta y Pol\u00edtica de Privacidad regulan el uso del sitio web www.calperetmitjans.com (en adelante \u00abel sitio web\u00bb), del que Jordi Cardona Carb\u00f3 (de ahora en adelante EL PROPIETARIO ) con NIF 38148598Q y domicilio en Barrio Cal Margarit (Cal Peret Mitjans), 08732 Castellv\u00ed de la Marca (Barcelona) es titular.<\/p>\n<p style=\"text-align: justify;\">A trav\u00e9s de su sitio www.calperetmitjans.com, EL PROPIETARIO proporciona informaci\u00f3n sobre sus productos y ofrece la posibilidad de comprarlos. Debido al contenido y la finalidad del sitio web, las personas que quieran beneficiarse de sus servicios deben contar con la condici\u00f3n de \u00abCliente\u00bb, la cual se adquiere completando el formulario de registro y siguiendo los pasos que EL PROPIETARIO posteriormente comunica a trav\u00e9s de email. La condici\u00f3n de Cliente supone la adhesi\u00f3n a las condiciones de uso, la versi\u00f3n publicada en el momento en que se accede al sitio web.<\/p>\n<p style=\"text-align: justify;\">En cualquier caso, existen p\u00e1ginas del sitio web accesibles a personas f\u00edsicas o jur\u00eddicas que no se registran ni inician una compra de producto (en adelante, \u00abUsuarios\u00bb). En este sentido, los Usuarios que accedan a estas partes del sitio web aceptan quedar sometidos a los t\u00e9rminos y condiciones recogidos en estas Condiciones Generales, en la medida que ello les pueda ser de aplicaci\u00f3n.<\/p>\n<p style=\"text-align: justify;\">EL PROPIETARIO quiere hacer saber a sus clientes y usuarios que se dirige exclusivamente a un p\u00fablico <strong>mayor de 18 a\u00f1o<\/strong>s y que el territorio en el que acepta y distribuye pedidos es el comprendido por Espa\u00f1a (en adelante, el \u00abTerritorio\u00bb) <strong>exceptuando las Islas Canarias, Ceuta y Melilla<\/strong>. EL PROPIETARIO tambi\u00e9n realiza env\u00edos de pedidos en el extranjero, <strong>s\u00f3lo en Reino Unido y Alemania<\/strong>. Si un usuario estuviera interesado en recibir alg\u00fan art\u00edculo fuera del territorio espa\u00f1ol o de dichos pa\u00edses europeos deber\u00eda contactar con EL PROPIETARIO a trav\u00e9s del <a href=\"http:\/\/www.calperetmitjans.com\/es\/contacto\/\">formulario<\/a> o enviando un correo a <a href=\"mailto:info@calperetmitjans.com\">info@calperetmitjans.com<\/a>, estudiar\u00edamos su solicitud y le informar\u00edamos sobre esta cuesti\u00f3n.<\/p>\n<p style=\"text-align: justify;\">CONTACTO: Para cualquier tipo de duda, consulta o sugerencia, puede enviarnos sus comentarios por email a: <a href=\"mailto:info@calperetmitjans.com\">info@calperetmitjans.com<\/a><\/p>\n<h3 style=\"text-align: justify;\">Precios<\/h3>\n<p style=\"text-align: justify;\">Todos los precios de los productos que se indican en www.calperetmitjans.com incluyen el IVA (10% &#8211; IVA agrario) y otros impuestos correspondientes. Sin embargo, los precios no incluyen los gastos referentes al env\u00edo de los productos, que se detallan aparte y deben ser aceptados por el cliente. Tambi\u00e9n se detalla aparte cualquier recargo que puedan incluir los diferente m\u00e9todos de pago.<\/p>\n<h3 style=\"text-align: justify;\">Pago<\/h3>\n<p style=\"text-align: justify;\">El Cliente se compromete a pagar en el momento que realiza el pedido. Al precio inicial que figura en el sitio web para cada uno de los productos ofrecidos se le sumar\u00e1n las tarifas correspondientes a los gastos de env\u00edo pertinentes. En cualquier caso, estas tarifas se mostrar\u00e1n previamente al Cliente antes de formalizar la propia compra.<br \/>\nEl ticket o comprobante de compra que corresponde al pedido estar\u00e1 disponible y se podr\u00e1 visualizar en www.calperetmitjans.com en la secci\u00f3n \u00ab<a href=\"http:\/\/www.calperetmitjans.com\/es\/mi-cuenta\/\">Mi cuenta<\/a>\u00ab.<\/p>\n<p style=\"text-align: justify;\">El Cliente deber\u00e1 abonar el importe correspondiente a su pedido mediante tarjeta de cr\u00e9dito o de d\u00e9bito (Visa, Mastercard, Visa Electron y\/o otras tarjetas an\u00e1logas). La tarjeta con la que se haga el pago deber\u00e1 tener como entidad financiera emisora a un banco o caja de ahorros espa\u00f1ol. El pago con tarjeta se realiza a trav\u00e9s de Redsys con sus protocolos de seguridad.<br \/>\nEl Cliente deber\u00e1 notificar a la EMPRESA cualquier cargo indebido o fraudulento en la tarjeta utilizada para las compras, mediante correo electr\u00f3nico o telef\u00f3nicamente, en el menor plazo de tiempo posible para que LA EMPRESA pueda realizar las gestiones oportunas.<\/p>\n<h3 style=\"text-align: justify;\">Formalizaci\u00f3n de\u00a0pedidos<\/h3>\n<p>Una vez formalizado el pedido, con la aceptaci\u00f3n de los T\u00e9rminos y condiciones y la confirmaci\u00f3n del proceso de compra, LA EMPRESA enviar\u00e1 siempre un email al CLIENTE confirmando los detalles de la compra realizada.<\/p>\n<h3 style=\"text-align: justify;\">Cancelaci\u00f3n de\u00a0pedidos<\/h3>\n<p>LA EMPRESA acepta cancelaciones de pedidos cuando se soliciten antes del env\u00edo del pedido. Para realizar la cancelaci\u00f3n se debe solicitar mediante el formulario de \u00ab<a href=\"\/es\/contacto\/\">Contacto<\/a>\u00bb o enviando un correo electr\u00f3nico a <a href=\"mailto:info@calperetmitjans.com\">info@calperetmitjans.com<\/a>.<\/p>\n<h3 style=\"text-align: justify;\">Plazos y lugares de env\u00edo<\/h3>\n<h4 style=\"text-align: justify;\">Entrega\u00a0del producto<\/h4>\n<p style=\"text-align: justify;\">LA EMPRESA se compromete a entregar el producto en perfecto estado en la direcci\u00f3n que el Cliente indique en el formulario de pedido, y que en todo caso deber\u00e1 estar comprendida dentro del <strong>Territorio Espa\u00f1ol<\/strong> (quedan excluidas Canarias, Ceuta y Melilla) y los pa\u00edses <strong>Reino Unido y Alemania<\/strong>. Para optimizar la entrega, agradecemos al Cliente que indique una direcci\u00f3n donde el pedido pueda ser entregado dentro del horario laboral habitual.<br \/>\nLA EMPRESA no ser\u00e1 responsable por los errores causados en la entrega cuando la direcci\u00f3n de entrega introducida por el cliente en el formulario de pedido no se ajuste a la realidad o se haya omitido.<\/p>\n<p style=\"text-align: justify;\"><strong>Plazo de entrega nacionales e internacionales<\/strong><\/p>\n<p style=\"text-align: justify;\">Los env\u00edos se realizan con el servicio de mensajer\u00eda TIPSA. El pedido en territorio espa\u00f1ol ser\u00e1 entregada en un plazo m\u00e1ximo de 24\/48 horas desde que confirmamos el pedido. Para pedidos internacionales estimamos un plazo m\u00e1ximo de 5-6 d\u00edas.<br \/>\nEstos plazos son una estimaci\u00f3n. Por lo que es posible que var\u00eden por razones log\u00edsticas o de fuerza mayor. En caso de retrasos en las entregas, LA EMPRESA informar\u00e1 a sus clientes en cuanto tenga conocimiento de ellos.<br \/>\nCada entrega se considera efectuada a partir del momento en que la empresa de transportes pone el producto a disposici\u00f3n del Cliente, que se materializa a trav\u00e9s del sistema de control utilizado por la compa\u00f1\u00eda de transporte.<br \/>\nLos gastos de env\u00edo pueden consultarse en el apartado \u00ab<a href=\"http:\/\/www.calperetmitjans.com\/es\/metodos-de-pago-y-envio\/\">M\u00e9todos de pago y env\u00edo<\/a>\u00bb de nuestra web.<br \/>\nUna vez que el pedido salga de nuestros almacenes, se enviar\u00e1 un correo electr\u00f3nico notific\u00e1ndole que su pedido se ha aceptado y se est\u00e1 enviando.<br \/>\nPor motivos de seguridad, LA EMPRESA no enviar\u00e1 ning\u00fan pedido a apartados de correos ni bases militares, ni aceptar\u00e1 ning\u00fan pedido cuando no sea posible identificar al destinatario del pedido y\/o su direcci\u00f3n.<\/p>\n<h4 style=\"text-align: justify;\">Datos de entrega, entregas\u00a0no\u00a0efectuadas<\/h4>\n<p style=\"text-align: justify;\">Si en el momento de la entrega el Cliente se encuentra ausente, el transportista dejar\u00e1 un comprobante indicando c\u00f3mo proceder para concertar una nueva entrega. LA EMPRESA contrata, como parte del servicio de entrega de mensajer\u00eda, la realizaci\u00f3n de una serie de acciones de seguimiento, encaminadas a garantizar que la entrega se ha\u00a0efectuado.<\/p>\n<h3 style=\"text-align: justify;\">Devoluci\u00f3n de productos<\/h3>\n<p style=\"text-align: justify;\">CAL PERET MITJANS\u00a0<strong>no acepta devoluciones de productos<\/strong> ya que vende productos alimenticios que pueden deteriorarse o caducar r\u00e1pidamente.<\/p>\n","protected":false},"excerpt":{"rendered":"<p>General Las presentes Condiciones Generales de Uso, Condiciones de Venta y Pol\u00edtica de Privacidad regulan el uso del sitio web www.calperetmitjans.com (en adelante \u00abel sitio web\u00bb), del que Jordi Cardona Carb\u00f3 (de ahora en adelante EL PROPIETARIO ) con NIF 38148598Q y domicilio en Barrio Cal Margarit (Cal Peret Mitjans), 08732 Castellv\u00ed de la Marca&hellip;<\/p>\n","protected":false},"author":1,"featured_media":0,"parent":0,"menu_order":0,"comment_status":"closed","ping_status":"closed","template":"","meta":{"footnotes":""},"class_list":["post-262","page","type-page","status-publish","hentry","description-off"],"yoast_head":"<!-- This site is optimized with the Yoast SEO plugin v27.0 - https:\/\/yoast.com\/product\/yoast-seo-wordpress\/ -->\n<title>T\u00e9rminos y condiciones de venta - Cal Peret Mitjans<\/title>\n<meta name=\"robots\" content=\"index, follow, max-snippet:-1, max-image-preview:large, max-video-preview:-1\" \/>\n<link rel=\"canonical\" href=\"https:\/\/www.calperetmitjans.com\/es\/terminos-y-condiciones-de-venta\" \/>\n<meta property=\"og:locale\" content=\"es_ES\" \/>\n<meta property=\"og:type\" content=\"article\" \/>\n<meta property=\"og:title\" content=\"T\u00e9rminos y condiciones de venta - Cal Peret Mitjans\" \/>\n<meta property=\"og:description\" content=\"General Las presentes Condiciones Generales de Uso, Condiciones de Venta y Pol\u00edtica de Privacidad regulan el uso del sitio web www.calperetmitjans.com (en adelante \u00abel sitio web\u00bb), del que Jordi Cardona Carb\u00f3 (de ahora en adelante EL PROPIETARIO ) con NIF 38148598Q y domicilio en Barrio Cal Margarit (Cal Peret Mitjans), 08732 Castellv\u00ed de la Marca&hellip;\" \/>\n<meta property=\"og:url\" content=\"https:\/\/www.calperetmitjans.com\/es\/terminos-y-condiciones-de-venta\" \/>\n<meta property=\"og:site_name\" content=\"Cal Peret Mitjans\" \/>\n<meta property=\"article:modified_time\" content=\"2021-03-31T08:45:18+00:00\" \/>\n<meta name=\"twitter:card\" content=\"summary_large_image\" \/>\n<meta name=\"twitter:label1\" content=\"Tiempo de lectura\" \/>\n\t<meta name=\"twitter:data1\" content=\"6 minutos\" \/>\n<script type=\"application\/ld+json\" class=\"yoast-schema-graph\">{\"@context\":\"https:\/\/schema.org\",\"@graph\":[{\"@type\":\"WebPage\",\"@id\":\"https:\/\/www.calperetmitjans.com\/es\/terminos-y-condiciones-de-venta\",\"url\":\"https:\/\/www.calperetmitjans.com\/es\/terminos-y-condiciones-de-venta\",\"name\":\"T\u00e9rminos y condiciones de venta - Cal Peret Mitjans\",\"isPartOf\":{\"@id\":\"https:\/\/www.calperetmitjans.com\/es#website\"},\"datePublished\":\"2015-11-30T14:10:44+00:00\",\"dateModified\":\"2021-03-31T08:45:18+00:00\",\"breadcrumb\":{\"@id\":\"https:\/\/www.calperetmitjans.com\/es\/terminos-y-condiciones-de-venta#breadcrumb\"},\"inLanguage\":\"es\",\"potentialAction\":[{\"@type\":\"ReadAction\",\"target\":[\"https:\/\/www.calperetmitjans.com\/es\/terminos-y-condiciones-de-venta\"]}]},{\"@type\":\"BreadcrumbList\",\"@id\":\"https:\/\/www.calperetmitjans.com\/es\/terminos-y-condiciones-de-venta#breadcrumb\",\"itemListElement\":[{\"@type\":\"ListItem\",\"position\":1,\"name\":\"Portada\",\"item\":\"https:\/\/www.calperetmitjans.com\/es\"},{\"@type\":\"ListItem\",\"position\":2,\"name\":\"T\u00e9rminos y condiciones de venta\"}]},{\"@type\":\"WebSite\",\"@id\":\"https:\/\/www.calperetmitjans.com\/es#website\",\"url\":\"https:\/\/www.calperetmitjans.com\/es\",\"name\":\"Cal Peret Mitjans\",\"description\":\"Venda online de cal\u00e7ots i complements per cal\u00e7otades\",\"potentialAction\":[{\"@type\":\"SearchAction\",\"target\":{\"@type\":\"EntryPoint\",\"urlTemplate\":\"https:\/\/www.calperetmitjans.com\/es?s={search_term_string}\"},\"query-input\":{\"@type\":\"PropertyValueSpecification\",\"valueRequired\":true,\"valueName\":\"search_term_string\"}}],\"inLanguage\":\"es\"}]}<\/script>\n<!-- \/ Yoast SEO plugin. -->","yoast_head_json":{"title":"T\u00e9rminos y condiciones de venta - Cal Peret Mitjans","robots":{"index":"index","follow":"follow","max-snippet":"max-snippet:-1","max-image-preview":"max-image-preview:large","max-video-preview":"max-video-preview:-1"},"canonical":"https:\/\/www.calperetmitjans.com\/es\/terminos-y-condiciones-de-venta","og_locale":"es_ES","og_type":"article","og_title":"T\u00e9rminos y condiciones de venta - Cal Peret Mitjans","og_description":"General Las presentes Condiciones Generales de Uso, Condiciones de Venta y Pol\u00edtica de Privacidad regulan el uso del sitio web www.calperetmitjans.com (en adelante \u00abel sitio web\u00bb), del que Jordi Cardona Carb\u00f3 (de ahora en adelante EL PROPIETARIO ) con NIF 38148598Q y domicilio en Barrio Cal Margarit (Cal Peret Mitjans), 08732 Castellv\u00ed de la Marca&hellip;","og_url":"https:\/\/www.calperetmitjans.com\/es\/terminos-y-condiciones-de-venta","og_site_name":"Cal Peret Mitjans","article_modified_time":"2021-03-31T08:45:18+00:00","twitter_card":"summary_large_image","twitter_misc":{"Tiempo de lectura":"6 minutos"},"schema":{"@context":"https:\/\/schema.org","@graph":[{"@type":"WebPage","@id":"https:\/\/www.calperetmitjans.com\/es\/terminos-y-condiciones-de-venta","url":"https:\/\/www.calperetmitjans.com\/es\/terminos-y-condiciones-de-venta","name":"T\u00e9rminos y condiciones de venta - Cal Peret Mitjans","isPartOf":{"@id":"https:\/\/www.calperetmitjans.com\/es#website"},"datePublished":"2015-11-30T14:10:44+00:00","dateModified":"2021-03-31T08:45:18+00:00","breadcrumb":{"@id":"https:\/\/www.calperetmitjans.com\/es\/terminos-y-condiciones-de-venta#breadcrumb"},"inLanguage":"es","potentialAction":[{"@type":"ReadAction","target":["https:\/\/www.calperetmitjans.com\/es\/terminos-y-condiciones-de-venta"]}]},{"@type":"BreadcrumbList","@id":"https:\/\/www.calperetmitjans.com\/es\/terminos-y-condiciones-de-venta#breadcrumb","itemListElement":[{"@type":"ListItem","position":1,"name":"Portada","item":"https:\/\/www.calperetmitjans.com\/es"},{"@type":"ListItem","position":2,"name":"T\u00e9rminos y condiciones de venta"}]},{"@type":"WebSite","@id":"https:\/\/www.calperetmitjans.com\/es#website","url":"https:\/\/www.calperetmitjans.com\/es","name":"Cal Peret Mitjans","description":"Venda online de cal\u00e7ots i complements per cal\u00e7otades","potentialAction":[{"@type":"SearchAction","target":{"@type":"EntryPoint","urlTemplate":"https:\/\/www.calperetmitjans.com\/es?s={search_term_string}"},"query-input":{"@type":"PropertyValueSpecification","valueRequired":true,"valueName":"search_term_string"}}],"inLanguage":"es"}]}},"_links":{"self":[{"href":"https:\/\/www.calperetmitjans.com\/es\/wp-json\/wp\/v2\/pages\/262","targetHints":{"allow":["GET"]}}],"collection":[{"href":"https:\/\/www.calperetmitjans.com\/es\/wp-json\/wp\/v2\/pages"}],"about":[{"href":"https:\/\/www.calperetmitjans.com\/es\/wp-json\/wp\/v2\/types\/page"}],"author":[{"embeddable":true,"href":"https:\/\/www.calperetmitjans.com\/es\/wp-json\/wp\/v2\/users\/1"}],"replies":[{"embeddable":true,"href":"https:\/\/www.calperetmitjans.com\/es\/wp-json\/wp\/v2\/comments?post=262"}],"version-history":[{"count":7,"href":"https:\/\/www.calperetmitjans.com\/es\/wp-json\/wp\/v2\/pages\/262\/revisions"}],"predecessor-version":[{"id":5215,"href":"https:\/\/www.calperetmitjans.com\/es\/wp-json\/wp\/v2\/pages\/262\/revisions\/5215"}],"wp:attachment":[{"href":"https:\/\/www.calperetmitjans.com\/es\/wp-json\/wp\/v2\/media?parent=262"}],"curies":[{"name":"wp","href":"https:\/\/api.w.org\/{rel}","templated":true}]}}