{"id":1701,"date":"2018-10-19T13:45:48","date_gmt":"2018-10-19T11:45:48","guid":{"rendered":"https:\/\/www.calperetmitjans.com\/?page_id=1701"},"modified":"2018-11-19T13:37:19","modified_gmt":"2018-11-19T12:37:19","slug":"sorteo-pack-calcotada-6-personas","status":"publish","type":"page","link":"https:\/\/www.calperetmitjans.com\/es\/sorteo-pack-calcotada-6-personas","title":{"rendered":"Sorteo Pack cal\u00e7otada 6 personas"},"content":{"rendered":"<div class=\"wpb-content-wrapper\"><p>[vc_row full_width=\u00bbstretch_row_content\u00bb content_placement=\u00bbmiddle\u00bb parallax=\u00bbcontent-moving\u00bb parallax_image=\u00bb266&#8243; css=\u00bb.vc_custom_1539862648266{margin-bottom: 20px !important;padding-top: 50px !important;padding-bottom: 30px !important;}\u00bb][vc_column width=\u00bb1\/3&#8243;][\/vc_column][vc_column width=\u00bb1\/3&#8243;][vc_single_image image=\u00bb1069&#8243; img_size=\u00bbfull\u00bb alignment=\u00bbcenter\u00bb][\/vc_column][vc_column width=\u00bb1\/3&#8243;][\/vc_column][\/vc_row][vc_row][vc_column width=\u00bb2\/3&#8243;][vc_column_text]<\/p>\n<h3><strong><span style=\"color: #5cb46b;\">\u00a1S\u00e9 el primero en probar los primeros cal\u00e7ots de la temporada!<\/span><\/strong><\/h3>\n<p style=\"text-align: justify;\">Faltan unas pocas semanas para que la nueva temporada de cal\u00e7ots empiece. Suscr\u00edbete a nuestra newsletter y prodr\u00e1s enterarte antes que nadie del inicio de la nueva temporada.<\/p>\n<p style=\"text-align: justify;\"><strong>Entre todos los nuevos suscritores sorteamos un Pack cal\u00e7otada para 6 personas \u00a1totalmente gratis! <\/strong><\/p>\n<h3 style=\"text-align: justify;\"><strong><span style=\"color: #ed7449;\">\u00a1Mucha suerte a tod@s!<\/span><\/strong><\/h3>\n<p><img loading=\"lazy\" decoding=\"async\" class=\"alignnone wp-image-1729 size-full\" style=\"margin-top: 15px;\" src=\"https:\/\/www.calperetmitjans.com\/wp-content\/uploads\/2018\/10\/sorteo-pack-6-newsletter.jpg\" alt=\"\" width=\"776\" height=\"518\" srcset=\"https:\/\/www.calperetmitjans.com\/wp-content\/uploads\/2018\/10\/sorteo-pack-6-newsletter.jpg 776w, https:\/\/www.calperetmitjans.com\/wp-content\/uploads\/2018\/10\/sorteo-pack-6-newsletter-600x401.jpg 600w, https:\/\/www.calperetmitjans.com\/wp-content\/uploads\/2018\/10\/sorteo-pack-6-newsletter-300x200.jpg 300w, https:\/\/www.calperetmitjans.com\/wp-content\/uploads\/2018\/10\/sorteo-pack-6-newsletter-768x513.jpg 768w\" sizes=\"auto, (max-width: 776px) 100vw, 776px\" \/>[\/vc_column_text][vc_toggle title=\u00bbBases del sorteo\u00bb el_id=\u00bbbases-sorteo\u00bb]<\/p>\n<h3 style=\"text-align: justify;\">Bases del sorteo<\/h3>\n<h4 style=\"text-align: justify;\">1. Entidad organizadora y finalidad del presente sorteo<\/h4>\n<p style=\"text-align: justify;\">Esta actividad promocional ser\u00e1 organizada por Cal Peret Mitjans (www.calperetmitjans.com), con domicilio en\u00a0Barri Cal Margarit, 3 \u2013 08732 Castellvi de la Marca \u2013 Barcelona, con el fin de promocionar su actividad comercial y ampliar el n\u00famero de subscriptores a la newsletter.<\/p>\n<h4 style=\"text-align: justify;\">2. Personas a las que se dirige el sorteo<\/h4>\n<p style=\"text-align: justify;\">Pueden participar en el sorteo aquellas personas mayores de edad que residan en Espa\u00f1a (excepto Baleares, Can\u00e1rias, Ceuta y Melilla).<\/p>\n<p style=\"text-align: justify;\">Quedar\u00e1n excluidos de la participaci\u00f3n todo el personal de la empresa que organiza dicha actividad promocional as\u00ed como sus familiares.<\/p>\n<h4 style=\"text-align: justify;\">3. Fecha del sorteo<\/h4>\n<p style=\"text-align: justify;\">El presente sorteo estar\u00e1 activo del 19\/10\/18 al 4\/11\/18, ambos incluidos.<\/p>\n<h4 style=\"text-align: justify;\">4. Mec\u00e1nica de participaci\u00f3n y obtenci\u00f3n de premios<\/h4>\n<p style=\"text-align: justify;\">En Facebook se iniciar\u00e1 una campa\u00f1a para obtener suscripciones a la newsletter de www.calperetmitjans.com. Al hacer clic en el enlace (del anuncio o de la publicaci\u00f3n) se acceder\u00e1 a la p\u00e1gina del sorteo donde el usuario deber\u00e1 suscribirse a la newsletter introduciendo sus datos personales (Nombre, apellidos y Email).<\/p>\n<p style=\"text-align: justify;\">Una vez finalizada la promoci\u00f3n se elegir\u00e1 el ganador de forma aleatoria. El premio consistir\u00e1\u00a0en un\u00a0<strong>Pack cal\u00e7otada para 6 personas<\/strong>.<\/p>\n<h4 style=\"text-align: justify;\">5. Comunicaci\u00f3n del premio<\/h4>\n<p style=\"text-align: justify;\">En un plazo de tres d\u00edas despu\u00e9s de finalizar el sorteo<strong>\u00a0se contactar\u00e1 con el ganador mediante correo electr\u00f3nico<\/strong>\u00a0y se publicar\u00e1 en la p\u00e1gina de Facebook. Para obtener el premio, el usuario nos ha de facilitar sus datos personales y direcci\u00f3n de env\u00edo. Pasados cinco d\u00edas desde la publicaci\u00f3n del ganador, si no pudi\u00e9ramos contactar con \u00e9l por la causa que fuere, perder\u00e1 la condici\u00f3n de ganador y se contactar\u00e1 con el suplente.<\/p>\n<p style=\"text-align: justify;\">El premio se enviar\u00e1 por transportista a la direcci\u00f3n facilitada por el ganador.<\/p>\n<p style=\"text-align: justify;\">Los premios bajo ninguna circunstancia se podr\u00e1n cambiar por cualquier otro obsequio ni canjearse por su equivalente compensaci\u00f3n en met\u00e1lico.<\/p>\n<h4 style=\"text-align: justify;\">6. Responsabilidad de la empresa<\/h4>\n<p style=\"text-align: justify;\">La empresa organizadora se reserva el derecho de acortar, prorrogar, modificar o cancelar este sorteo si as\u00ed lo estimase conveniente o si ocurriesen supuestos especiales en lo que se impide la realizaci\u00f3n del mismo. concurrieran circunstancias excepcionales que impidieran su realizaci\u00f3n.<\/p>\n<p style=\"text-align: justify;\">Cal Peret Mitjans no se responsabilizar\u00e1 por las afirmaciones que se hagan a trav\u00e9s de la red social terceras personas pudiendo llevar a cabo las actuaciones judiciales que crea pertinentes contra las mismas.<\/p>\n<p style=\"text-align: justify;\">Tampoco se responsabiliza de los da\u00f1os o perjuicios que pudieran ocurrir cuando el ganador disfrute del premio.<\/p>\n<h4 style=\"text-align: justify;\">7. Tratamiento de los datos personales<\/h4>\n<p style=\"text-align: justify;\">Los datos personales facilitados ser\u00e1n incorporados a un fichero automatizado, propiedad de\u00a0Cal Peret Mitjans. El tratamiento de los mismos se realizar\u00e1 de\u00a0conformidad con lo dispuesto en el Reglamento (UE) 2016\/679 de 27 de abril de 2016 (GDPR) relativo a la protecci\u00f3n de las personas f\u00edsicas en lo que respecta al tratamiento de datos personales y a la libre circulaci\u00f3n de estos datos.<\/p>\n<p style=\"text-align: justify;\">Cal Peret Mitjans se reserva el derecho de informar a los participantes de las promociones y acciones comerciales que la empresa lleve a cabo posteriormente por cualquier medio.<\/p>\n<h4 style=\"text-align: justify;\">8. Ley aplicable<\/h4>\n<p style=\"text-align: justify;\">Para todo lo que no se especifica en estas bases legales del sorteo, la promoci\u00f3n se someter\u00e1 a la normativa espa\u00f1ola que est\u00e9 en vigor en ese momento.<\/p>\n<p style=\"text-align: justify;\">En caso de litigio resolver\u00e1n la contienda los Juzgados y Tribunales m\u00e1s cercanos a CASTELLV\u00cd DE LA MARCA, sin perjuicio del fuero que pudiera corresponder seg\u00fan la normativa aplicable.<\/p>\n<h4 style=\"text-align: justify;\">9. Aceptaci\u00f3n de las bases de este sorteo<\/h4>\n<p style=\"text-align: justify;\">Al participar en el sorteo y dar tus datos personales est\u00e1s aceptando de forma expresa las anteriores bases del sorteo. En caso de que deses obtener m\u00e1s informaci\u00f3n podr\u00e1s ponerte en contacto con la empresa organizadora mandando un correo a\u00a0<a href=\"mailto:info@calperetmitjans.com\">info@calperetmitjans.com<\/a>.<\/p>\n<p>[\/vc_toggle][\/vc_column][vc_column width=\u00bb1\/3&#8243; css=\u00bb.vc_custom_1539867307990{border-top-width: 1px !important;border-right-width: 1px !important;border-bottom-width: 1px !important;border-left-width: 1px !important;padding-top: 50px !important;padding-right: 20px !important;padding-bottom: 30px !important;padding-left: 20px !important;background-color: #cbdad4 !important;border-left-color: #7c7c7c !important;border-left-style: solid !important;border-right-color: #7c7c7c !important;border-right-style: solid !important;border-top-color: #7c7c7c !important;border-top-style: solid !important;border-bottom-color: #7c7c7c !important;border-bottom-style: solid !important;}\u00bb][vc_column_text]Sorteo finalizado. \u00a1Gracias por participar![\/vc_column_text][\/vc_column][\/vc_row]<\/p>\n<\/div>","protected":false},"excerpt":{"rendered":"<p>[vc_row full_width=\u00bbstretch_row_content\u00bb content_placement=\u00bbmiddle\u00bb parallax=\u00bbcontent-moving\u00bb parallax_image=\u00bb266&#8243; css=\u00bb.vc_custom_1539862648266{margin-bottom: 20px !important;padding-top: 50px !important;padding-bottom: 30px !important;}\u00bb][vc_column width=\u00bb1\/3&#8243;][\/vc_column][vc_column width=\u00bb1\/3&#8243;][vc_single_image image=\u00bb1069&#8243; img_size=\u00bbfull\u00bb alignment=\u00bbcenter\u00bb][\/vc_column][vc_column width=\u00bb1\/3&#8243;][\/vc_column][\/vc_row][vc_row][vc_column width=\u00bb2\/3&#8243;][vc_column_text] \u00a1S\u00e9 el primero en probar los primeros cal\u00e7ots de la temporada! Faltan unas pocas semanas para que la nueva temporada de cal\u00e7ots empiece. Suscr\u00edbete a nuestra newsletter y prodr\u00e1s enterarte antes que nadie del inicio de&hellip;<\/p>\n","protected":false},"author":1,"featured_media":0,"parent":0,"menu_order":0,"comment_status":"closed","ping_status":"closed","template":"template-homesimple.php","meta":{"footnotes":""},"class_list":["post-1701","page","type-page","status-publish","hentry","description-off"],"yoast_head":"<!-- This site is optimized with the Yoast SEO plugin v27.0 - https:\/\/yoast.com\/product\/yoast-seo-wordpress\/ -->\n<title>Sorteo Pack cal\u00e7otada 6 personas - Cal Peret Mitjans<\/title>\n<meta name=\"robots\" content=\"index, follow, max-snippet:-1, max-image-preview:large, max-video-preview:-1\" \/>\n<link rel=\"canonical\" href=\"https:\/\/www.calperetmitjans.com\/es\/sorteo-pack-calcotada-6-personas\" \/>\n<meta property=\"og:locale\" content=\"es_ES\" \/>\n<meta property=\"og:type\" content=\"article\" \/>\n<meta property=\"og:title\" content=\"Sorteo Pack cal\u00e7otada 6 personas - Cal Peret Mitjans\" \/>\n<meta property=\"og:description\" content=\"[vc_row full_width=\u00bbstretch_row_content\u00bb content_placement=\u00bbmiddle\u00bb parallax=\u00bbcontent-moving\u00bb parallax_image=\u00bb266&#8243; css=\u00bb.vc_custom_1539862648266{margin-bottom: 20px !important;padding-top: 50px !important;padding-bottom: 30px !important;}\u00bb][vc_column width=\u00bb1\/3&#8243;][\/vc_column][vc_column width=\u00bb1\/3&#8243;][vc_single_image image=\u00bb1069&#8243; img_size=\u00bbfull\u00bb alignment=\u00bbcenter\u00bb][\/vc_column][vc_column width=\u00bb1\/3&#8243;][\/vc_column][\/vc_row][vc_row][vc_column width=\u00bb2\/3&#8243;][vc_column_text] \u00a1S\u00e9 el primero en probar los primeros cal\u00e7ots de la temporada! Faltan unas pocas semanas para que la nueva temporada de cal\u00e7ots empiece. Suscr\u00edbete a nuestra newsletter y prodr\u00e1s enterarte antes que nadie del inicio de&hellip;\" \/>\n<meta property=\"og:url\" content=\"https:\/\/www.calperetmitjans.com\/es\/sorteo-pack-calcotada-6-personas\" \/>\n<meta property=\"og:site_name\" content=\"Cal Peret Mitjans\" \/>\n<meta property=\"article:modified_time\" content=\"2018-11-19T12:37:19+00:00\" \/>\n<meta property=\"og:image\" content=\"https:\/\/www.calperetmitjans.com\/wp-content\/uploads\/2018\/10\/sorteo-pack-6-newsletter.jpg\" \/>\n<meta name=\"twitter:card\" content=\"summary_large_image\" \/>\n<meta name=\"twitter:label1\" content=\"Tiempo de lectura\" \/>\n\t<meta name=\"twitter:data1\" content=\"4 minutos\" \/>\n<script type=\"application\/ld+json\" class=\"yoast-schema-graph\">{\"@context\":\"https:\/\/schema.org\",\"@graph\":[{\"@type\":\"WebPage\",\"@id\":\"https:\/\/www.calperetmitjans.com\/es\/sorteo-pack-calcotada-6-personas\",\"url\":\"https:\/\/www.calperetmitjans.com\/es\/sorteo-pack-calcotada-6-personas\",\"name\":\"Sorteo Pack cal\u00e7otada 6 personas - Cal Peret Mitjans\",\"isPartOf\":{\"@id\":\"https:\/\/www.calperetmitjans.com\/es#website\"},\"primaryImageOfPage\":{\"@id\":\"https:\/\/www.calperetmitjans.com\/es\/sorteo-pack-calcotada-6-personas#primaryimage\"},\"image\":{\"@id\":\"https:\/\/www.calperetmitjans.com\/es\/sorteo-pack-calcotada-6-personas#primaryimage\"},\"thumbnailUrl\":\"https:\/\/www.calperetmitjans.com\/wp-content\/uploads\/2018\/10\/sorteo-pack-6-newsletter.jpg\",\"datePublished\":\"2018-10-19T11:45:48+00:00\",\"dateModified\":\"2018-11-19T12:37:19+00:00\",\"breadcrumb\":{\"@id\":\"https:\/\/www.calperetmitjans.com\/es\/sorteo-pack-calcotada-6-personas#breadcrumb\"},\"inLanguage\":\"es\",\"potentialAction\":[{\"@type\":\"ReadAction\",\"target\":[\"https:\/\/www.calperetmitjans.com\/es\/sorteo-pack-calcotada-6-personas\"]}]},{\"@type\":\"ImageObject\",\"inLanguage\":\"es\",\"@id\":\"https:\/\/www.calperetmitjans.com\/es\/sorteo-pack-calcotada-6-personas#primaryimage\",\"url\":\"https:\/\/www.calperetmitjans.com\/wp-content\/uploads\/2018\/10\/sorteo-pack-6-newsletter.jpg\",\"contentUrl\":\"https:\/\/www.calperetmitjans.com\/wp-content\/uploads\/2018\/10\/sorteo-pack-6-newsletter.jpg\"},{\"@type\":\"BreadcrumbList\",\"@id\":\"https:\/\/www.calperetmitjans.com\/es\/sorteo-pack-calcotada-6-personas#breadcrumb\",\"itemListElement\":[{\"@type\":\"ListItem\",\"position\":1,\"name\":\"Portada\",\"item\":\"https:\/\/www.calperetmitjans.com\/es\"},{\"@type\":\"ListItem\",\"position\":2,\"name\":\"Sorteo Pack cal\u00e7otada 6 personas\"}]},{\"@type\":\"WebSite\",\"@id\":\"https:\/\/www.calperetmitjans.com\/es#website\",\"url\":\"https:\/\/www.calperetmitjans.com\/es\",\"name\":\"Cal Peret Mitjans\",\"description\":\"Venda online de cal\u00e7ots i complements per cal\u00e7otades\",\"potentialAction\":[{\"@type\":\"SearchAction\",\"target\":{\"@type\":\"EntryPoint\",\"urlTemplate\":\"https:\/\/www.calperetmitjans.com\/es?s={search_term_string}\"},\"query-input\":{\"@type\":\"PropertyValueSpecification\",\"valueRequired\":true,\"valueName\":\"search_term_string\"}}],\"inLanguage\":\"es\"}]}<\/script>\n<!-- \/ Yoast SEO plugin. -->","yoast_head_json":{"title":"Sorteo Pack cal\u00e7otada 6 personas - Cal Peret Mitjans","robots":{"index":"index","follow":"follow","max-snippet":"max-snippet:-1","max-image-preview":"max-image-preview:large","max-video-preview":"max-video-preview:-1"},"canonical":"https:\/\/www.calperetmitjans.com\/es\/sorteo-pack-calcotada-6-personas","og_locale":"es_ES","og_type":"article","og_title":"Sorteo Pack cal\u00e7otada 6 personas - Cal Peret Mitjans","og_description":"[vc_row full_width=\u00bbstretch_row_content\u00bb content_placement=\u00bbmiddle\u00bb parallax=\u00bbcontent-moving\u00bb parallax_image=\u00bb266&#8243; css=\u00bb.vc_custom_1539862648266{margin-bottom: 20px !important;padding-top: 50px !important;padding-bottom: 30px !important;}\u00bb][vc_column width=\u00bb1\/3&#8243;][\/vc_column][vc_column width=\u00bb1\/3&#8243;][vc_single_image image=\u00bb1069&#8243; img_size=\u00bbfull\u00bb alignment=\u00bbcenter\u00bb][\/vc_column][vc_column width=\u00bb1\/3&#8243;][\/vc_column][\/vc_row][vc_row][vc_column width=\u00bb2\/3&#8243;][vc_column_text] \u00a1S\u00e9 el primero en probar los primeros cal\u00e7ots de la temporada! Faltan unas pocas semanas para que la nueva temporada de cal\u00e7ots empiece. Suscr\u00edbete a nuestra newsletter y prodr\u00e1s enterarte antes que nadie del inicio de&hellip;","og_url":"https:\/\/www.calperetmitjans.com\/es\/sorteo-pack-calcotada-6-personas","og_site_name":"Cal Peret Mitjans","article_modified_time":"2018-11-19T12:37:19+00:00","og_image":[{"url":"https:\/\/www.calperetmitjans.com\/wp-content\/uploads\/2018\/10\/sorteo-pack-6-newsletter.jpg","type":"","width":"","height":""}],"twitter_card":"summary_large_image","twitter_misc":{"Tiempo de lectura":"4 minutos"},"schema":{"@context":"https:\/\/schema.org","@graph":[{"@type":"WebPage","@id":"https:\/\/www.calperetmitjans.com\/es\/sorteo-pack-calcotada-6-personas","url":"https:\/\/www.calperetmitjans.com\/es\/sorteo-pack-calcotada-6-personas","name":"Sorteo Pack cal\u00e7otada 6 personas - Cal Peret Mitjans","isPartOf":{"@id":"https:\/\/www.calperetmitjans.com\/es#website"},"primaryImageOfPage":{"@id":"https:\/\/www.calperetmitjans.com\/es\/sorteo-pack-calcotada-6-personas#primaryimage"},"image":{"@id":"https:\/\/www.calperetmitjans.com\/es\/sorteo-pack-calcotada-6-personas#primaryimage"},"thumbnailUrl":"https:\/\/www.calperetmitjans.com\/wp-content\/uploads\/2018\/10\/sorteo-pack-6-newsletter.jpg","datePublished":"2018-10-19T11:45:48+00:00","dateModified":"2018-11-19T12:37:19+00:00","breadcrumb":{"@id":"https:\/\/www.calperetmitjans.com\/es\/sorteo-pack-calcotada-6-personas#breadcrumb"},"inLanguage":"es","potentialAction":[{"@type":"ReadAction","target":["https:\/\/www.calperetmitjans.com\/es\/sorteo-pack-calcotada-6-personas"]}]},{"@type":"ImageObject","inLanguage":"es","@id":"https:\/\/www.calperetmitjans.com\/es\/sorteo-pack-calcotada-6-personas#primaryimage","url":"https:\/\/www.calperetmitjans.com\/wp-content\/uploads\/2018\/10\/sorteo-pack-6-newsletter.jpg","contentUrl":"https:\/\/www.calperetmitjans.com\/wp-content\/uploads\/2018\/10\/sorteo-pack-6-newsletter.jpg"},{"@type":"BreadcrumbList","@id":"https:\/\/www.calperetmitjans.com\/es\/sorteo-pack-calcotada-6-personas#breadcrumb","itemListElement":[{"@type":"ListItem","position":1,"name":"Portada","item":"https:\/\/www.calperetmitjans.com\/es"},{"@type":"ListItem","position":2,"name":"Sorteo Pack cal\u00e7otada 6 personas"}]},{"@type":"WebSite","@id":"https:\/\/www.calperetmitjans.com\/es#website","url":"https:\/\/www.calperetmitjans.com\/es","name":"Cal Peret Mitjans","description":"Venda online de cal\u00e7ots i complements per cal\u00e7otades","potentialAction":[{"@type":"SearchAction","target":{"@type":"EntryPoint","urlTemplate":"https:\/\/www.calperetmitjans.com\/es?s={search_term_string}"},"query-input":{"@type":"PropertyValueSpecification","valueRequired":true,"valueName":"search_term_string"}}],"inLanguage":"es"}]}},"_links":{"self":[{"href":"https:\/\/www.calperetmitjans.com\/es\/wp-json\/wp\/v2\/pages\/1701","targetHints":{"allow":["GET"]}}],"collection":[{"href":"https:\/\/www.calperetmitjans.com\/es\/wp-json\/wp\/v2\/pages"}],"about":[{"href":"https:\/\/www.calperetmitjans.com\/es\/wp-json\/wp\/v2\/types\/page"}],"author":[{"embeddable":true,"href":"https:\/\/www.calperetmitjans.com\/es\/wp-json\/wp\/v2\/users\/1"}],"replies":[{"embeddable":true,"href":"https:\/\/www.calperetmitjans.com\/es\/wp-json\/wp\/v2\/comments?post=1701"}],"version-history":[{"count":44,"href":"https:\/\/www.calperetmitjans.com\/es\/wp-json\/wp\/v2\/pages\/1701\/revisions"}],"predecessor-version":[{"id":1796,"href":"https:\/\/www.calperetmitjans.com\/es\/wp-json\/wp\/v2\/pages\/1701\/revisions\/1796"}],"wp:attachment":[{"href":"https:\/\/www.calperetmitjans.com\/es\/wp-json\/wp\/v2\/media?parent=1701"}],"curies":[{"name":"wp","href":"https:\/\/api.w.org\/{rel}","templated":true}]}}